{"id":867,"date":"2023-09-15T07:52:43","date_gmt":"2023-09-15T04:52:43","guid":{"rendered":"https:\/\/www.alacatitravel.com\/de\/?page_id=867"},"modified":"2023-09-15T07:53:32","modified_gmt":"2023-09-15T04:53:32","slug":"schloss-cesme","status":"publish","type":"page","link":"https:\/\/www.alacatitravel.com\/de\/schloss-cesme\/","title":{"rendered":"SCHLOSS CESME"},"content":{"rendered":"\t\t<div data-elementor-type=\"wp-page\" data-elementor-id=\"867\" class=\"elementor elementor-867\">\n\t\t\t\t\t\t\t\t\t<section class=\"elementor-section elementor-top-section elementor-element elementor-element-41edbe3 elementor-section-boxed elementor-section-height-default elementor-section-height-default\" data-id=\"41edbe3\" data-element_type=\"section\">\n\t\t\t\t\t\t<div class=\"elementor-container elementor-column-gap-default\">\n\t\t\t\t\t<div class=\"elementor-column elementor-col-100 elementor-top-column elementor-element elementor-element-68e59e2\" data-id=\"68e59e2\" data-element_type=\"column\">\n\t\t\t<div class=\"elementor-widget-wrap elementor-element-populated\">\n\t\t\t\t\t\t\t\t<div class=\"elementor-element elementor-element-686d228 elementor-widget elementor-widget-heading\" data-id=\"686d228\" data-element_type=\"widget\" data-widget_type=\"heading.default\">\n\t\t\t\t<div class=\"elementor-widget-container\">\n\t\t\t<style>\/*! elementor - v3.16.0 - 17-10-2023 *\/\n.elementor-heading-title{padding:0;margin:0;line-height:1}.elementor-widget-heading .elementor-heading-title[class*=elementor-size-]>a{color:inherit;font-size:inherit;line-height:inherit}.elementor-widget-heading .elementor-heading-title.elementor-size-small{font-size:15px}.elementor-widget-heading .elementor-heading-title.elementor-size-medium{font-size:19px}.elementor-widget-heading .elementor-heading-title.elementor-size-large{font-size:29px}.elementor-widget-heading .elementor-heading-title.elementor-size-xl{font-size:39px}.elementor-widget-heading .elementor-heading-title.elementor-size-xxl{font-size:59px}<\/style><h1 class=\"elementor-heading-title elementor-size-default\">SCHLOSS CESME<\/h1>\t\t<\/div>\n\t\t\t\t<\/div>\n\t\t\t\t\t<\/div>\n\t\t<\/div>\n\t\t\t\t\t\t\t<\/div>\n\t\t<\/section>\n\t\t\t\t<section class=\"elementor-section elementor-top-section elementor-element elementor-element-47ecbd8 elementor-section-boxed elementor-section-height-default elementor-section-height-default\" data-id=\"47ecbd8\" data-element_type=\"section\">\n\t\t\t\t\t\t<div class=\"elementor-container elementor-column-gap-default\">\n\t\t\t\t\t<div class=\"elementor-column elementor-col-50 elementor-top-column elementor-element elementor-element-19ee116\" data-id=\"19ee116\" data-element_type=\"column\">\n\t\t\t<div class=\"elementor-widget-wrap elementor-element-populated\">\n\t\t\t\t\t\t\t\t<div class=\"elementor-element elementor-element-3904dcc elementor-widget elementor-widget-text-editor\" data-id=\"3904dcc\" data-element_type=\"widget\" data-widget_type=\"text-editor.default\">\n\t\t\t\t<div class=\"elementor-widget-container\">\n\t\t\t<style>\/*! elementor - v3.16.0 - 17-10-2023 *\/\n.elementor-widget-text-editor.elementor-drop-cap-view-stacked .elementor-drop-cap{background-color:#69727d;color:#fff}.elementor-widget-text-editor.elementor-drop-cap-view-framed .elementor-drop-cap{color:#69727d;border:3px solid;background-color:transparent}.elementor-widget-text-editor:not(.elementor-drop-cap-view-default) .elementor-drop-cap{margin-top:8px}.elementor-widget-text-editor:not(.elementor-drop-cap-view-default) .elementor-drop-cap-letter{width:1em;height:1em}.elementor-widget-text-editor .elementor-drop-cap{float:left;text-align:center;line-height:1;font-size:50px}.elementor-widget-text-editor .elementor-drop-cap-letter{display:inline-block}<\/style>\t\t\t\t<p>Das Schloss \u00c7e\u015fme, dessen Geschichte 500 Jahre zur\u00fcckreicht, ist eines der Bauwerke, auf die Sie nicht verzichten m\u00f6chten, ohne \u00c7e\u015fme mit seiner noch erhaltenen Solidit\u00e4t zu sehen. In den Jahrhunderten, in denen die \u00c4g\u00e4is nicht unter t\u00fcrkischer Herrschaft stand, war sie offen f\u00fcr Angriffe von Piraten. Aufgrund dieser Struktur wurden Siedlungen in den inneren Teilen von \u00c7e\u015fme gegr\u00fcndet. \u00c7e\u015fme, das zu dieser Zeit zum Osmanischen Reich geh\u00f6rte, wurde 1472 und 1501 zweimal von der venezianischen Flotte angegriffen. Die Burg \u00c7e\u015fme wurde 1508 w\u00e4hrend der Regierungszeit von Bayezid II. erbaut, wobei vorsichtshalber genuesische und osmanische Baustile verwendet wurden. Die Burg, die sich fr\u00fcher am Meer befand, blieb mit der F\u00fcllung des Strandes etwas weiter im Landesinneren.<\/p><p>Trotz der Jahrhunderte, die seit dem Bau der Burg vergangen sind, hat die Burg \u00c7e\u015fme, die ihre solide Struktur bewahrt hat, ihre gr\u00f6\u00dfte Schlacht w\u00e4hrend des Osmanisch-Russischen Krieges von 1770 gef\u00fchrt. Waffen, die 1965 aus dem Topkap\u0131-Museum gebracht wurden, wurden im Schloss ausgestellt, und 1984 wurde die Ausstellung als Arch\u00e4ologiemuseum \u00c7e\u015fme er\u00f6ffnet. Im Museum werden handgefertigte T\u00f6pferwaren, Figuren und M\u00fcnzen ausgestellt, die bei Ausgrabungen in den Stadtteilen Ba\u011flararas\u0131 in der antiken Stadt Erythrai gefunden wurden. Diese Werke sind von gro\u00dfer Bedeutung f\u00fcr die Entdeckung der reichen Geschichte der Region.<br \/><br \/>Das Schloss \u00c7e\u015fme befindet sich in der N\u00e4he des Cumhuriyet-Platzes im Bezirkszentrum. Das Schloss bietet den Internationalen Musikwettbewerb \u00c7e\u015fme und das \u00c7e\u015fme Festival und vereint die Musik und Geschichte dieser Zeit. In jeder Ecke verbirgt sich eine ganz andere Sch\u00f6nheit der Burg \u00c7e\u015fme, einem der ersten Geb\u00e4ude, die man wenn man vom Meer nach \u00c7e\u015fme kommt sieht.<br \/><br \/>Die Burg bietet einen hervoragenden Panoramablick auf das Viertel.<br \/><br \/>Sie k\u00f6nnen sie in Ihrer Liste der Sehensw\u00fcrdigkeiten in \u00c7e\u015fme hinzuf\u00fcgen.<br \/><br \/>Die besichtigungszeiten sind Dienstag \u2013 Sonntag von 08:30-12:00 Uhr und 13:00 \u2013 17:00 Uhr.<\/p><p>\u00a0<\/p><div class=\"container\"><div class=\"gallery\"><div class=\"gallery-item\">\u00a0<\/div><\/div><\/div>\t\t\t\t\t\t<\/div>\n\t\t\t\t<\/div>\n\t\t\t\t\t<\/div>\n\t\t<\/div>\n\t\t\t\t<div class=\"elementor-column elementor-col-50 elementor-top-column elementor-element elementor-element-db9f21f\" data-id=\"db9f21f\" data-element_type=\"column\">\n\t\t\t<div class=\"elementor-widget-wrap elementor-element-populated\">\n\t\t\t\t\t\t\t\t<div class=\"elementor-element elementor-element-209adb8 elementor-widget elementor-widget-image\" data-id=\"209adb8\" data-element_type=\"widget\" data-widget_type=\"image.default\">\n\t\t\t\t<div class=\"elementor-widget-container\">\n\t\t\t<style>\/*! elementor - v3.16.0 - 17-10-2023 *\/\n.elementor-widget-image{text-align:center}.elementor-widget-image a{display:inline-block}.elementor-widget-image a img[src$=\".svg\"]{width:48px}.elementor-widget-image img{vertical-align:middle;display:inline-block}<\/style>\t\t\t\t\t\t\t\t\t\t\t\t<img decoding=\"async\" src=\"https:\/\/www.alacatitravel.com\/wp-content\/uploads\/2023\/09\/ilica-3.jpg\" title=\"\" alt=\"\" loading=\"lazy\" \/>\t\t\t\t\t\t\t\t\t\t\t\t\t\t\t<\/div>\n\t\t\t\t<\/div>\n\t\t\t\t\t<\/div>\n\t\t<\/div>\n\t\t\t\t\t\t\t<\/div>\n\t\t<\/section>\n\t\t\t\t\t\t\t<\/div>\n\t\t","protected":false},"excerpt":{"rendered":"<p>SCHLOSS CESME Das Schloss \u00c7e\u015fme, dessen Geschichte 500 Jahre zur\u00fcckreicht, ist eines der Bauwerke, auf die Sie nicht verzichten m\u00f6chten, ohne \u00c7e\u015fme mit seiner noch erhaltenen Solidit\u00e4t zu sehen. In den Jahrhunderten, in denen die \u00c4g\u00e4is nicht unter t\u00fcrkischer Herrschaft stand, war sie offen f\u00fcr Angriffe von Piraten. Aufgrund dieser Struktur wurden Siedlungen in den &hellip;<\/p>\n<p class=\"read-more\"> <a class=\"\" href=\"https:\/\/www.alacatitravel.com\/de\/schloss-cesme\/\"> <span class=\"screen-reader-text\">SCHLOSS CESME<\/span> Weiterlesen &raquo;<\/a><\/p>\n","protected":false},"author":1,"featured_media":0,"parent":0,"menu_order":0,"comment_status":"closed","ping_status":"closed","template":"","meta":{"site-sidebar-layout":"no-sidebar","site-content-layout":"page-builder","ast-global-header-display":"","ast-main-header-display":"","ast-hfb-above-header-display":"","ast-hfb-below-header-display":"","ast-hfb-mobile-header-display":"","site-post-title":"disabled","ast-breadcrumbs-content":"","ast-featured-img":"disabled","footer-sml-layout":"","theme-transparent-header-meta":"","adv-header-id-meta":"","stick-header-meta":"","header-above-stick-meta":"","header-main-stick-meta":"","header-below-stick-meta":"","footnotes":""},"acf":[],"_links":{"self":[{"href":"https:\/\/www.alacatitravel.com\/de\/wp-json\/wp\/v2\/pages\/867"}],"collection":[{"href":"https:\/\/www.alacatitravel.com\/de\/wp-json\/wp\/v2\/pages"}],"about":[{"href":"https:\/\/www.alacatitravel.com\/de\/wp-json\/wp\/v2\/types\/page"}],"author":[{"embeddable":true,"href":"https:\/\/www.alacatitravel.com\/de\/wp-json\/wp\/v2\/users\/1"}],"replies":[{"embeddable":true,"href":"https:\/\/www.alacatitravel.com\/de\/wp-json\/wp\/v2\/comments?post=867"}],"version-history":[{"count":4,"href":"https:\/\/www.alacatitravel.com\/de\/wp-json\/wp\/v2\/pages\/867\/revisions"}],"predecessor-version":[{"id":871,"href":"https:\/\/www.alacatitravel.com\/de\/wp-json\/wp\/v2\/pages\/867\/revisions\/871"}],"wp:attachment":[{"href":"https:\/\/www.alacatitravel.com\/de\/wp-json\/wp\/v2\/media?parent=867"}],"curies":[{"name":"wp","href":"https:\/\/api.w.org\/{rel}","templated":true}]}}