{"id":857,"date":"2023-09-15T07:50:51","date_gmt":"2023-09-15T04:50:51","guid":{"rendered":"https:\/\/www.alacatitravel.com\/de\/?page_id=857"},"modified":"2023-09-15T07:52:26","modified_gmt":"2023-09-15T04:52:26","slug":"sifne","status":"publish","type":"page","link":"https:\/\/www.alacatitravel.com\/de\/sifne\/","title":{"rendered":"SIFNE"},"content":{"rendered":"\t\t<div data-elementor-type=\"wp-page\" data-elementor-id=\"857\" class=\"elementor elementor-857\">\n\t\t\t\t\t\t\t\t\t<section class=\"elementor-section elementor-top-section elementor-element elementor-element-27585b2 elementor-section-boxed elementor-section-height-default elementor-section-height-default\" data-id=\"27585b2\" data-element_type=\"section\">\n\t\t\t\t\t\t<div class=\"elementor-container elementor-column-gap-default\">\n\t\t\t\t\t<div class=\"elementor-column elementor-col-100 elementor-top-column elementor-element elementor-element-a1833f3\" data-id=\"a1833f3\" data-element_type=\"column\">\n\t\t\t<div class=\"elementor-widget-wrap elementor-element-populated\">\n\t\t\t\t\t\t\t\t<div class=\"elementor-element elementor-element-cb01b09 elementor-widget elementor-widget-heading\" data-id=\"cb01b09\" data-element_type=\"widget\" data-widget_type=\"heading.default\">\n\t\t\t\t<div class=\"elementor-widget-container\">\n\t\t\t<style>\/*! elementor - v3.16.0 - 17-10-2023 *\/\n.elementor-heading-title{padding:0;margin:0;line-height:1}.elementor-widget-heading .elementor-heading-title[class*=elementor-size-]>a{color:inherit;font-size:inherit;line-height:inherit}.elementor-widget-heading .elementor-heading-title.elementor-size-small{font-size:15px}.elementor-widget-heading .elementor-heading-title.elementor-size-medium{font-size:19px}.elementor-widget-heading .elementor-heading-title.elementor-size-large{font-size:29px}.elementor-widget-heading .elementor-heading-title.elementor-size-xl{font-size:39px}.elementor-widget-heading .elementor-heading-title.elementor-size-xxl{font-size:59px}<\/style><h1 class=\"elementor-heading-title elementor-size-default\">SIFNE<\/h1>\t\t<\/div>\n\t\t\t\t<\/div>\n\t\t\t\t\t<\/div>\n\t\t<\/div>\n\t\t\t\t\t\t\t<\/div>\n\t\t<\/section>\n\t\t\t\t<section class=\"elementor-section elementor-top-section elementor-element elementor-element-221ab55 elementor-section-boxed elementor-section-height-default elementor-section-height-default\" data-id=\"221ab55\" data-element_type=\"section\">\n\t\t\t\t\t\t<div class=\"elementor-container elementor-column-gap-default\">\n\t\t\t\t\t<div class=\"elementor-column elementor-col-50 elementor-top-column elementor-element elementor-element-f2c9312\" data-id=\"f2c9312\" data-element_type=\"column\">\n\t\t\t<div class=\"elementor-widget-wrap elementor-element-populated\">\n\t\t\t\t\t\t\t\t<div class=\"elementor-element elementor-element-9a8e369 elementor-widget elementor-widget-text-editor\" data-id=\"9a8e369\" data-element_type=\"widget\" data-widget_type=\"text-editor.default\">\n\t\t\t\t<div class=\"elementor-widget-container\">\n\t\t\t<style>\/*! elementor - v3.16.0 - 17-10-2023 *\/\n.elementor-widget-text-editor.elementor-drop-cap-view-stacked .elementor-drop-cap{background-color:#69727d;color:#fff}.elementor-widget-text-editor.elementor-drop-cap-view-framed .elementor-drop-cap{color:#69727d;border:3px solid;background-color:transparent}.elementor-widget-text-editor:not(.elementor-drop-cap-view-default) .elementor-drop-cap{margin-top:8px}.elementor-widget-text-editor:not(.elementor-drop-cap-view-default) .elementor-drop-cap-letter{width:1em;height:1em}.elementor-widget-text-editor .elementor-drop-cap{float:left;text-align:center;line-height:1;font-size:50px}.elementor-widget-text-editor .elementor-drop-cap-letter{display:inline-block}<\/style>\t\t\t\t<p>Der Bezirk \u015eifne, der 8 km vom Zentrum von \u00c7e\u015fme entfernt liegt, ist mit vielen Besonderheiten in den Vordergrund ger\u00fcckt. Die tiefblaue Farbe seiner Buchten scheint seinen Tanz mit der Natur zu bilden. \u015eifne, das sich besonders durch seine heilenden Thermalquellen auszeichnet, empf\u00e4ngt jedes Jahr viele G\u00e4ste mit seinen touristischen Attraktionen und seinem Strand, der mit der Natur verbunden ist.<\/p>\n<p style=\"margin-bottom: 1.5em; font-size: 16px; color: rgb(51, 51, 51); font-family: &quot;Open Sans&quot;, Arial, sans-serif; font-style: normal; font-weight: 500; background-color: rgba(0, 0, 0, 0.04);\">Laut der Legende der Geschichte hat sich der heilende Schlamm heute zu touristischen Orten entwickelt und viele Hotels haben Schlammb\u00e4der und hei\u00dfes Quellwasser. Diese aus dem Untergrund kommende Heilung beschr\u00e4nkt sich nicht nur darauf, sondern es gibt von vielen Orten extra daf\u00fcr hei\u00dfe Quellen. Es ist bekannt, dass das Wasser von \u015eifne bei vielen problematischen Erkrankungen wie Rheumaerkrankungen, Hauterkrankungen, Stoffwechselst\u00f6rungen hilfreich ist.<\/p><h2 style=\"line-height: 1.1; color: rgb(51, 51, 51); margin-bottom: 30px; font-style: normal; background-color: rgba(0, 0, 0, 0.04); font-size: 26px !important;\">Wo liegt \u015eifne und wie kommt man nach \u015eifne?<\/h2><p style=\"margin-bottom: 1.5em; font-size: 16px; color: rgb(51, 51, 51); font-family: &quot;Open Sans&quot;, Arial, sans-serif; font-style: normal; font-weight: 500; background-color: rgba(0, 0, 0, 0.04);\">Zum Bezirk \u00c7e\u015fme ist \u015eifne 9 km und zum Stadtzentrum von Izmir 75 km entfernt. Um diese Natursch\u00f6nheiten zu erreichen, k\u00f6nnen \u00f6ffentliche Verkehrsmittel nutzen. Ausserdem k\u00f6nnen Sie die Buslinie 836 der Firma Hava\u015f verwenden oder Sie reisen mit Ihrem Privatfahrzeug an.<\/p>\t\t\t\t\t\t<\/div>\n\t\t\t\t<\/div>\n\t\t\t\t\t<\/div>\n\t\t<\/div>\n\t\t\t\t<div class=\"elementor-column elementor-col-50 elementor-top-column elementor-element elementor-element-15516ef\" data-id=\"15516ef\" data-element_type=\"column\">\n\t\t\t<div class=\"elementor-widget-wrap elementor-element-populated\">\n\t\t\t\t\t\t\t\t<div class=\"elementor-element elementor-element-c49dd11 elementor-widget elementor-widget-image\" data-id=\"c49dd11\" data-element_type=\"widget\" data-widget_type=\"image.default\">\n\t\t\t\t<div class=\"elementor-widget-container\">\n\t\t\t<style>\/*! elementor - v3.16.0 - 17-10-2023 *\/\n.elementor-widget-image{text-align:center}.elementor-widget-image a{display:inline-block}.elementor-widget-image a img[src$=\".svg\"]{width:48px}.elementor-widget-image img{vertical-align:middle;display:inline-block}<\/style>\t\t\t\t\t\t\t\t\t\t\t\t<img loading=\"lazy\" decoding=\"async\" width=\"1024\" height=\"650\" src=\"https:\/\/www.alacatitravel.com\/de\/wp-content\/uploads\/sites\/3\/2023\/09\/sifne-koyu-cesme-tatil.jpg\" class=\"attachment-large size-large wp-image-862\" alt=\"\" srcset=\"https:\/\/www.alacatitravel.com\/de\/wp-content\/uploads\/sites\/3\/2023\/09\/sifne-koyu-cesme-tatil.jpg 1024w, https:\/\/www.alacatitravel.com\/de\/wp-content\/uploads\/sites\/3\/2023\/09\/sifne-koyu-cesme-tatil-300x190.jpg 300w, https:\/\/www.alacatitravel.com\/de\/wp-content\/uploads\/sites\/3\/2023\/09\/sifne-koyu-cesme-tatil-768x488.jpg 768w\" sizes=\"(max-width: 1024px) 100vw, 1024px\" \/>\t\t\t\t\t\t\t\t\t\t\t\t\t\t\t<\/div>\n\t\t\t\t<\/div>\n\t\t\t\t<div class=\"elementor-element elementor-element-3b24a0e elementor-widget elementor-widget-image\" data-id=\"3b24a0e\" data-element_type=\"widget\" data-widget_type=\"image.default\">\n\t\t\t\t<div class=\"elementor-widget-container\">\n\t\t\t\t\t\t\t\t\t\t\t\t\t\t\t<img loading=\"lazy\" decoding=\"async\" width=\"1024\" height=\"576\" src=\"https:\/\/www.alacatitravel.com\/de\/wp-content\/uploads\/sites\/3\/2023\/09\/sifne-deniz-koy-cesme-tatil-1024x576.jpg\" class=\"attachment-large size-large wp-image-863\" alt=\"\" srcset=\"https:\/\/www.alacatitravel.com\/de\/wp-content\/uploads\/sites\/3\/2023\/09\/sifne-deniz-koy-cesme-tatil-1024x576.jpg 1024w, https:\/\/www.alacatitravel.com\/de\/wp-content\/uploads\/sites\/3\/2023\/09\/sifne-deniz-koy-cesme-tatil-300x169.jpg 300w, https:\/\/www.alacatitravel.com\/de\/wp-content\/uploads\/sites\/3\/2023\/09\/sifne-deniz-koy-cesme-tatil-768x432.jpg 768w, https:\/\/www.alacatitravel.com\/de\/wp-content\/uploads\/sites\/3\/2023\/09\/sifne-deniz-koy-cesme-tatil.jpg 1280w\" sizes=\"(max-width: 1024px) 100vw, 1024px\" \/>\t\t\t\t\t\t\t\t\t\t\t\t\t\t\t<\/div>\n\t\t\t\t<\/div>\n\t\t\t\t\t<\/div>\n\t\t<\/div>\n\t\t\t\t\t\t\t<\/div>\n\t\t<\/section>\n\t\t\t\t\t\t\t<\/div>\n\t\t","protected":false},"excerpt":{"rendered":"<p>SIFNE Der Bezirk \u015eifne, der 8 km vom Zentrum von \u00c7e\u015fme entfernt liegt, ist mit vielen Besonderheiten in den Vordergrund ger\u00fcckt. Die tiefblaue Farbe seiner Buchten scheint seinen Tanz mit der Natur zu bilden. \u015eifne, das sich besonders durch seine heilenden Thermalquellen auszeichnet, empf\u00e4ngt jedes Jahr viele G\u00e4ste mit seinen touristischen Attraktionen und seinem Strand, &hellip;<\/p>\n<p class=\"read-more\"> <a class=\"\" href=\"https:\/\/www.alacatitravel.com\/de\/sifne\/\"> <span class=\"screen-reader-text\">SIFNE<\/span> Weiterlesen &raquo;<\/a><\/p>\n","protected":false},"author":1,"featured_media":0,"parent":0,"menu_order":0,"comment_status":"closed","ping_status":"closed","template":"","meta":{"site-sidebar-layout":"no-sidebar","site-content-layout":"page-builder","ast-global-header-display":"","ast-main-header-display":"","ast-hfb-above-header-display":"","ast-hfb-below-header-display":"","ast-hfb-mobile-header-display":"","site-post-title":"disabled","ast-breadcrumbs-content":"","ast-featured-img":"disabled","footer-sml-layout":"","theme-transparent-header-meta":"","adv-header-id-meta":"","stick-header-meta":"","header-above-stick-meta":"","header-main-stick-meta":"","header-below-stick-meta":"","footnotes":""},"acf":[],"_links":{"self":[{"href":"https:\/\/www.alacatitravel.com\/de\/wp-json\/wp\/v2\/pages\/857"}],"collection":[{"href":"https:\/\/www.alacatitravel.com\/de\/wp-json\/wp\/v2\/pages"}],"about":[{"href":"https:\/\/www.alacatitravel.com\/de\/wp-json\/wp\/v2\/types\/page"}],"author":[{"embeddable":true,"href":"https:\/\/www.alacatitravel.com\/de\/wp-json\/wp\/v2\/users\/1"}],"replies":[{"embeddable":true,"href":"https:\/\/www.alacatitravel.com\/de\/wp-json\/wp\/v2\/comments?post=857"}],"version-history":[{"count":7,"href":"https:\/\/www.alacatitravel.com\/de\/wp-json\/wp\/v2\/pages\/857\/revisions"}],"predecessor-version":[{"id":866,"href":"https:\/\/www.alacatitravel.com\/de\/wp-json\/wp\/v2\/pages\/857\/revisions\/866"}],"wp:attachment":[{"href":"https:\/\/www.alacatitravel.com\/de\/wp-json\/wp\/v2\/media?parent=857"}],"curies":[{"name":"wp","href":"https:\/\/api.w.org\/{rel}","templated":true}]}}