{"id":847,"date":"2023-09-15T06:58:22","date_gmt":"2023-09-15T03:58:22","guid":{"rendered":"https:\/\/www.alacatitravel.com\/de\/?page_id=847"},"modified":"2023-09-15T06:59:10","modified_gmt":"2023-09-15T03:59:10","slug":"dalyan","status":"publish","type":"page","link":"https:\/\/www.alacatitravel.com\/de\/dalyan\/","title":{"rendered":"DALYAN"},"content":{"rendered":"\t\t<div data-elementor-type=\"wp-page\" data-elementor-id=\"847\" class=\"elementor elementor-847\">\n\t\t\t\t\t\t\t\t\t<section class=\"elementor-section elementor-top-section elementor-element elementor-element-95b374a elementor-section-boxed elementor-section-height-default elementor-section-height-default\" data-id=\"95b374a\" data-element_type=\"section\">\n\t\t\t\t\t\t<div class=\"elementor-container elementor-column-gap-default\">\n\t\t\t\t\t<div class=\"elementor-column elementor-col-100 elementor-top-column elementor-element elementor-element-def2eb0\" data-id=\"def2eb0\" data-element_type=\"column\">\n\t\t\t<div class=\"elementor-widget-wrap elementor-element-populated\">\n\t\t\t\t\t\t\t\t<div class=\"elementor-element elementor-element-103254b elementor-widget elementor-widget-heading\" data-id=\"103254b\" data-element_type=\"widget\" data-widget_type=\"heading.default\">\n\t\t\t\t<div class=\"elementor-widget-container\">\n\t\t\t<style>\/*! elementor - v3.16.0 - 17-10-2023 *\/\n.elementor-heading-title{padding:0;margin:0;line-height:1}.elementor-widget-heading .elementor-heading-title[class*=elementor-size-]>a{color:inherit;font-size:inherit;line-height:inherit}.elementor-widget-heading .elementor-heading-title.elementor-size-small{font-size:15px}.elementor-widget-heading .elementor-heading-title.elementor-size-medium{font-size:19px}.elementor-widget-heading .elementor-heading-title.elementor-size-large{font-size:29px}.elementor-widget-heading .elementor-heading-title.elementor-size-xl{font-size:39px}.elementor-widget-heading .elementor-heading-title.elementor-size-xxl{font-size:59px}<\/style><h1 class=\"elementor-heading-title elementor-size-default\">DALYAN<\/h1>\t\t<\/div>\n\t\t\t\t<\/div>\n\t\t\t\t\t<\/div>\n\t\t<\/div>\n\t\t\t\t\t\t\t<\/div>\n\t\t<\/section>\n\t\t\t\t<section class=\"elementor-section elementor-top-section elementor-element elementor-element-defc31c elementor-section-boxed elementor-section-height-default elementor-section-height-default\" data-id=\"defc31c\" data-element_type=\"section\">\n\t\t\t\t\t\t<div class=\"elementor-container elementor-column-gap-default\">\n\t\t\t\t\t<div class=\"elementor-column elementor-col-50 elementor-top-column elementor-element elementor-element-0eff29f\" data-id=\"0eff29f\" data-element_type=\"column\">\n\t\t\t<div class=\"elementor-widget-wrap elementor-element-populated\">\n\t\t\t\t\t\t\t\t<div class=\"elementor-element elementor-element-a964c0f elementor-widget elementor-widget-text-editor\" data-id=\"a964c0f\" data-element_type=\"widget\" data-widget_type=\"text-editor.default\">\n\t\t\t\t<div class=\"elementor-widget-container\">\n\t\t\t<style>\/*! elementor - v3.16.0 - 17-10-2023 *\/\n.elementor-widget-text-editor.elementor-drop-cap-view-stacked .elementor-drop-cap{background-color:#69727d;color:#fff}.elementor-widget-text-editor.elementor-drop-cap-view-framed .elementor-drop-cap{color:#69727d;border:3px solid;background-color:transparent}.elementor-widget-text-editor:not(.elementor-drop-cap-view-default) .elementor-drop-cap{margin-top:8px}.elementor-widget-text-editor:not(.elementor-drop-cap-view-default) .elementor-drop-cap-letter{width:1em;height:1em}.elementor-widget-text-editor .elementor-drop-cap{float:left;text-align:center;line-height:1;font-size:50px}.elementor-widget-text-editor .elementor-drop-cap-letter{display:inline-block}<\/style>\t\t\t\t<p>Altinkum Beach, ist der beliebteste Strandtourismus des Sommers in der T\u00fcrkei. Der Alt\u0131nkum-Strand im S\u00fcdwesten von \u00c7e\u015fme auf einer Halbinsel, die an drei Seiten vom Meer umgeben ist, hat seinen Namen von seinem feink\u00f6rnigen, goldgelben Sand.<br \/><br \/>Der 10 km vom Stadtzentrum von \u00c7e\u015fme entfernte Strand Alt\u0131nkum bietet zahlreiche Gesch\u00e4fte und Campingpl\u00e4tze f\u00fcr Strandclubs. Das eiskalte Wasser von Altinkum, das die Menschen auch in den sengenden Sommertagen gefriert, ist f\u00fcr diese Eigenschaft bekannt.<\/p><p>\u00a0<\/p><p>Dalyan ist ein altes griechisches Dorf, heutzutage ist es eher ein Fischerdorf. Nat\u00fcrlich bewahrt es seine historische Struktur mit den alten griechischen H\u00e4usern, Kirchen und Kapellen.<br \/><br \/>In Dalyank\u00f6y wurde eine griechische Kirche in eine Moschee umgewandelt und ist noch in Gebrauch. Es gibt auch einige griechische H\u00e4user aus dieser Zeit im Dorf. Diese unterscheiden sich von anderen H\u00e4usern durch ihre architektonischen Strukturen.<br \/><br \/>Es ist eines der seltenen D\u00f6rfer, dass seine historische Struktur in Bezug auf Kultur und Architektur bewahrt. Es ist seit vielen Jahren als Fischerdorf bekannt, da es einen nat\u00fcrlichen Hafen hat. Heute werden h\u00e4ufig Fischrestaurants in der Region bevorzugt<br \/><br \/>Die Nachbarschaft zieht mit ihren lokalen H\u00e4usern, dem Hafen, der nat\u00fcrlichen Struktur, den einzigartigen Str\u00e4nden und dem kulturellen Erbe die Aufmerksamkeit auf sich. Dieses Gebiet, ein charakteristisches \u00e4g\u00e4isches Fischerdorf, beherbergt in den Sommermonaten viele Besucher.<br \/><br \/>Der gr\u00f6\u00dfte Fischereihafen der Region befindet sich in dieser Gegend.<br \/><br \/>Es ist eine Region, die sich durch ihre herrliche Natur und das klare Meer sowie durch Unterhaltungsm\u00f6glichkeiten auszeichnet.<br \/><br \/>Auch in Dalyan gibt es Strandclubs, Nachtunterhaltungsst\u00e4tten, Luxusrestaurants und fast jede Stunde Bewegung. Besonders wenn Sie von Dalyan in der N\u00e4he von Aya Yorgi gehen, werden Sie feststellen, dass die Atmosph\u00e4re des Fischerdorfes verschwindet.<\/p><div class=\"container\"><div class=\"gallery\"><div class=\"gallery-item\">\u00a0<\/div><\/div><\/div>\t\t\t\t\t\t<\/div>\n\t\t\t\t<\/div>\n\t\t\t\t\t<\/div>\n\t\t<\/div>\n\t\t\t\t<div class=\"elementor-column elementor-col-50 elementor-top-column elementor-element elementor-element-49c419d\" data-id=\"49c419d\" data-element_type=\"column\">\n\t\t\t<div class=\"elementor-widget-wrap elementor-element-populated\">\n\t\t\t\t\t\t\t\t<div class=\"elementor-element elementor-element-6b245cd elementor-widget elementor-widget-image\" data-id=\"6b245cd\" data-element_type=\"widget\" data-widget_type=\"image.default\">\n\t\t\t\t<div class=\"elementor-widget-container\">\n\t\t\t<style>\/*! elementor - v3.16.0 - 17-10-2023 *\/\n.elementor-widget-image{text-align:center}.elementor-widget-image a{display:inline-block}.elementor-widget-image a img[src$=\".svg\"]{width:48px}.elementor-widget-image img{vertical-align:middle;display:inline-block}<\/style>\t\t\t\t\t\t\t\t\t\t\t\t<img loading=\"lazy\" decoding=\"async\" width=\"1024\" height=\"576\" src=\"https:\/\/www.alacatitravel.com\/de\/wp-content\/uploads\/sites\/3\/2023\/09\/dalyandestination-1024x576.jpg\" class=\"attachment-large size-large wp-image-853\" alt=\"\" srcset=\"https:\/\/www.alacatitravel.com\/de\/wp-content\/uploads\/sites\/3\/2023\/09\/dalyandestination-1024x576.jpg 1024w, https:\/\/www.alacatitravel.com\/de\/wp-content\/uploads\/sites\/3\/2023\/09\/dalyandestination-300x169.jpg 300w, https:\/\/www.alacatitravel.com\/de\/wp-content\/uploads\/sites\/3\/2023\/09\/dalyandestination-768x432.jpg 768w, https:\/\/www.alacatitravel.com\/de\/wp-content\/uploads\/sites\/3\/2023\/09\/dalyandestination-1536x864.jpg 1536w, https:\/\/www.alacatitravel.com\/de\/wp-content\/uploads\/sites\/3\/2023\/09\/dalyandestination.jpg 1920w\" sizes=\"(max-width: 1024px) 100vw, 1024px\" \/>\t\t\t\t\t\t\t\t\t\t\t\t\t\t\t<\/div>\n\t\t\t\t<\/div>\n\t\t\t\t<div class=\"elementor-element elementor-element-86ea2c2 elementor-widget elementor-widget-image\" data-id=\"86ea2c2\" data-element_type=\"widget\" data-widget_type=\"image.default\">\n\t\t\t\t<div class=\"elementor-widget-container\">\n\t\t\t\t\t\t\t\t\t\t\t\t\t\t\t<img loading=\"lazy\" decoding=\"async\" width=\"1024\" height=\"1024\" src=\"https:\/\/www.alacatitravel.com\/de\/wp-content\/uploads\/sites\/3\/2023\/09\/dalyan-cesme-travel-1024x1024.jpg\" class=\"attachment-large size-large wp-image-852\" alt=\"\" srcset=\"https:\/\/www.alacatitravel.com\/de\/wp-content\/uploads\/sites\/3\/2023\/09\/dalyan-cesme-travel-1024x1024.jpg 1024w, https:\/\/www.alacatitravel.com\/de\/wp-content\/uploads\/sites\/3\/2023\/09\/dalyan-cesme-travel-300x300.jpg 300w, https:\/\/www.alacatitravel.com\/de\/wp-content\/uploads\/sites\/3\/2023\/09\/dalyan-cesme-travel-150x150.jpg 150w, https:\/\/www.alacatitravel.com\/de\/wp-content\/uploads\/sites\/3\/2023\/09\/dalyan-cesme-travel-768x768.jpg 768w, https:\/\/www.alacatitravel.com\/de\/wp-content\/uploads\/sites\/3\/2023\/09\/dalyan-cesme-travel.jpg 1280w\" sizes=\"(max-width: 1024px) 100vw, 1024px\" \/>\t\t\t\t\t\t\t\t\t\t\t\t\t\t\t<\/div>\n\t\t\t\t<\/div>\n\t\t\t\t\t<\/div>\n\t\t<\/div>\n\t\t\t\t\t\t\t<\/div>\n\t\t<\/section>\n\t\t\t\t\t\t\t<\/div>\n\t\t","protected":false},"excerpt":{"rendered":"<p>DALYAN Altinkum Beach, ist der beliebteste Strandtourismus des Sommers in der T\u00fcrkei. Der Alt\u0131nkum-Strand im S\u00fcdwesten von \u00c7e\u015fme auf einer Halbinsel, die an drei Seiten vom Meer umgeben ist, hat seinen Namen von seinem feink\u00f6rnigen, goldgelben Sand. Der 10 km vom Stadtzentrum von \u00c7e\u015fme entfernte Strand Alt\u0131nkum bietet zahlreiche Gesch\u00e4fte und Campingpl\u00e4tze f\u00fcr Strandclubs. Das &hellip;<\/p>\n<p class=\"read-more\"> <a class=\"\" href=\"https:\/\/www.alacatitravel.com\/de\/dalyan\/\"> <span class=\"screen-reader-text\">DALYAN<\/span> Weiterlesen &raquo;<\/a><\/p>\n","protected":false},"author":1,"featured_media":0,"parent":0,"menu_order":0,"comment_status":"closed","ping_status":"closed","template":"","meta":{"site-sidebar-layout":"no-sidebar","site-content-layout":"page-builder","ast-global-header-display":"","ast-main-header-display":"","ast-hfb-above-header-display":"","ast-hfb-below-header-display":"","ast-hfb-mobile-header-display":"","site-post-title":"disabled","ast-breadcrumbs-content":"","ast-featured-img":"disabled","footer-sml-layout":"","theme-transparent-header-meta":"","adv-header-id-meta":"","stick-header-meta":"","header-above-stick-meta":"","header-main-stick-meta":"","header-below-stick-meta":"","footnotes":""},"acf":[],"_links":{"self":[{"href":"https:\/\/www.alacatitravel.com\/de\/wp-json\/wp\/v2\/pages\/847"}],"collection":[{"href":"https:\/\/www.alacatitravel.com\/de\/wp-json\/wp\/v2\/pages"}],"about":[{"href":"https:\/\/www.alacatitravel.com\/de\/wp-json\/wp\/v2\/types\/page"}],"author":[{"embeddable":true,"href":"https:\/\/www.alacatitravel.com\/de\/wp-json\/wp\/v2\/users\/1"}],"replies":[{"embeddable":true,"href":"https:\/\/www.alacatitravel.com\/de\/wp-json\/wp\/v2\/comments?post=847"}],"version-history":[{"count":7,"href":"https:\/\/www.alacatitravel.com\/de\/wp-json\/wp\/v2\/pages\/847\/revisions"}],"predecessor-version":[{"id":856,"href":"https:\/\/www.alacatitravel.com\/de\/wp-json\/wp\/v2\/pages\/847\/revisions\/856"}],"wp:attachment":[{"href":"https:\/\/www.alacatitravel.com\/de\/wp-json\/wp\/v2\/media?parent=847"}],"curies":[{"name":"wp","href":"https:\/\/api.w.org\/{rel}","templated":true}]}}