{"id":839,"date":"2023-09-15T06:57:05","date_gmt":"2023-09-15T03:57:05","guid":{"rendered":"https:\/\/www.alacatitravel.com\/de\/?page_id=839"},"modified":"2023-09-15T06:58:01","modified_gmt":"2023-09-15T03:58:01","slug":"ayayorgi-bucht","status":"publish","type":"page","link":"https:\/\/www.alacatitravel.com\/de\/ayayorgi-bucht\/","title":{"rendered":"AYAYORGI BUCHT"},"content":{"rendered":"\t\t<div data-elementor-type=\"wp-page\" data-elementor-id=\"839\" class=\"elementor elementor-839\">\n\t\t\t\t\t\t\t\t\t<section class=\"elementor-section elementor-top-section elementor-element elementor-element-e1eff1c elementor-section-boxed elementor-section-height-default elementor-section-height-default\" data-id=\"e1eff1c\" data-element_type=\"section\">\n\t\t\t\t\t\t<div class=\"elementor-container elementor-column-gap-default\">\n\t\t\t\t\t<div class=\"elementor-column elementor-col-100 elementor-top-column elementor-element elementor-element-1403ea6\" data-id=\"1403ea6\" data-element_type=\"column\">\n\t\t\t<div class=\"elementor-widget-wrap elementor-element-populated\">\n\t\t\t\t\t\t\t\t<div class=\"elementor-element elementor-element-8a91acf elementor-widget elementor-widget-heading\" data-id=\"8a91acf\" data-element_type=\"widget\" data-widget_type=\"heading.default\">\n\t\t\t\t<div class=\"elementor-widget-container\">\n\t\t\t<style>\/*! elementor - v3.16.0 - 17-10-2023 *\/\n.elementor-heading-title{padding:0;margin:0;line-height:1}.elementor-widget-heading .elementor-heading-title[class*=elementor-size-]>a{color:inherit;font-size:inherit;line-height:inherit}.elementor-widget-heading .elementor-heading-title.elementor-size-small{font-size:15px}.elementor-widget-heading .elementor-heading-title.elementor-size-medium{font-size:19px}.elementor-widget-heading .elementor-heading-title.elementor-size-large{font-size:29px}.elementor-widget-heading .elementor-heading-title.elementor-size-xl{font-size:39px}.elementor-widget-heading .elementor-heading-title.elementor-size-xxl{font-size:59px}<\/style><h1 class=\"elementor-heading-title elementor-size-default\">AYAYORGI BUCHT<\/h1>\t\t<\/div>\n\t\t\t\t<\/div>\n\t\t\t\t\t<\/div>\n\t\t<\/div>\n\t\t\t\t\t\t\t<\/div>\n\t\t<\/section>\n\t\t\t\t<section class=\"elementor-section elementor-top-section elementor-element elementor-element-094ba3a elementor-section-boxed elementor-section-height-default elementor-section-height-default\" data-id=\"094ba3a\" data-element_type=\"section\">\n\t\t\t\t\t\t<div class=\"elementor-container elementor-column-gap-default\">\n\t\t\t\t\t<div class=\"elementor-column elementor-col-50 elementor-top-column elementor-element elementor-element-7f22e44\" data-id=\"7f22e44\" data-element_type=\"column\">\n\t\t\t<div class=\"elementor-widget-wrap elementor-element-populated\">\n\t\t\t\t\t\t\t\t<div class=\"elementor-element elementor-element-f3fb990 elementor-widget elementor-widget-text-editor\" data-id=\"f3fb990\" data-element_type=\"widget\" data-widget_type=\"text-editor.default\">\n\t\t\t\t<div class=\"elementor-widget-container\">\n\t\t\t<style>\/*! elementor - v3.16.0 - 17-10-2023 *\/\n.elementor-widget-text-editor.elementor-drop-cap-view-stacked .elementor-drop-cap{background-color:#69727d;color:#fff}.elementor-widget-text-editor.elementor-drop-cap-view-framed .elementor-drop-cap{color:#69727d;border:3px solid;background-color:transparent}.elementor-widget-text-editor:not(.elementor-drop-cap-view-default) .elementor-drop-cap{margin-top:8px}.elementor-widget-text-editor:not(.elementor-drop-cap-view-default) .elementor-drop-cap-letter{width:1em;height:1em}.elementor-widget-text-editor .elementor-drop-cap{float:left;text-align:center;line-height:1;font-size:50px}.elementor-widget-text-editor .elementor-drop-cap-letter{display:inline-block}<\/style>\t\t\t\t<p>Eine der windstillen und einer der ber\u00fchmtesten Buchten, ist die Ayayorgi. Es gibt zu viele Strandclubs und Nachtclubs rund um diese Bucht. F\u00fcr Urlauber, die Spa\u00df haben wollen, kann es als die am besten geeignete dunkelste von \u00c7e\u015fme bezeichnet werden. Veranstaltungsorte, die tags\u00fcber als Strand Clubs funktionieren, bleiben nachts als Clubs. Die erste bevorzugte Bucht f\u00fcr diejenigen, die sagen, es macht Spa\u00df oder auch in der Musik beim Sonnenbaden ist Ayayorgi Bucht. Ayayorgi liegt nur 1 km von \u00c7e\u015fme entfernt.\u202f<\/p><p><br><\/p><p style=\"margin-bottom: 1.5em; font-size: 16px; color: rgb(51, 51, 51); font-family: &quot;Open Sans&quot;, Arial, sans-serif; font-style: normal; font-weight: 500; background-color: rgba(0, 0, 0, 0.04);\">Der l\u00e4ngste Strand in der Ayayorgi ist Babylon. Den Besucher erwartet hier ein buntes Rahmenprogramm mit viel Musik und kulinarischen Leckerbissen. Von den G\u00e4rten weht der Duft der Zitronenb\u00e4ume hin\u00fcber und ihr genie\u00dft das milde Klima am Meer bei einem fruchtigen Cocktail. Ebenfalls in der Bucht von Aya Yorgi liegt der\u202fMarrakech Beach Club, der sich an einigen Abenden in eine Disco verwandelt.<br><br>Derzeit sind die Unternehmen in Ayayorgi t\u00e4tig, Sole &amp; Mare Beach, Bucht Ayayorgi, Paparazzi Beach, Train Ayayorgi, Shayna Beach und der zuletzt er\u00f6ffnete Yuzu Beach. Daher str\u00f6men jedes Jahr Tausende von Menschen dorthin und es ist eine beliebte Bucht mit ber\u00fchmten Namen.<\/p><div class=\"container\" style=\"margin: 0px auto; padding: 0px 2rem 2rem; width: 1170px; max-width: 100%; color: rgb(51, 51, 51); font-family: &quot;Open Sans&quot;, Arial, sans-serif; font-size: 16px; background-color: rgba(0, 0, 0, 0.04);\"><div class=\"gallery\" style=\"display: grid; flex-wrap: wrap; margin: 0px; grid-template-columns: repeat(auto-fit, minmax(24rem, 1fr)); gap: 2rem;\"><div class=\"gallery-item\" style=\"flex: 1 0 24rem; margin: 0px; box-shadow: rgba(0, 0, 0, 0.4) 0.3rem 0.4rem 0.4rem; overflow: hidden;\"><\/div><\/div><\/div>\t\t\t\t\t\t<\/div>\n\t\t\t\t<\/div>\n\t\t\t\t\t<\/div>\n\t\t<\/div>\n\t\t\t\t<div class=\"elementor-column elementor-col-50 elementor-top-column elementor-element elementor-element-e85eacc\" data-id=\"e85eacc\" data-element_type=\"column\">\n\t\t\t<div class=\"elementor-widget-wrap elementor-element-populated\">\n\t\t\t\t\t\t\t\t<div class=\"elementor-element elementor-element-e840026 elementor-widget elementor-widget-image\" data-id=\"e840026\" data-element_type=\"widget\" data-widget_type=\"image.default\">\n\t\t\t\t<div class=\"elementor-widget-container\">\n\t\t\t<style>\/*! elementor - v3.16.0 - 17-10-2023 *\/\n.elementor-widget-image{text-align:center}.elementor-widget-image a{display:inline-block}.elementor-widget-image a img[src$=\".svg\"]{width:48px}.elementor-widget-image img{vertical-align:middle;display:inline-block}<\/style>\t\t\t\t\t\t\t\t\t\t\t\t<img loading=\"lazy\" decoding=\"async\" width=\"1024\" height=\"576\" src=\"https:\/\/www.alacatitravel.com\/de\/wp-content\/uploads\/sites\/3\/2023\/09\/Aya-Yorgi-2-1024x576.jpg\" class=\"attachment-large size-large wp-image-843\" alt=\"\" srcset=\"https:\/\/www.alacatitravel.com\/de\/wp-content\/uploads\/sites\/3\/2023\/09\/Aya-Yorgi-2-1024x576.jpg 1024w, https:\/\/www.alacatitravel.com\/de\/wp-content\/uploads\/sites\/3\/2023\/09\/Aya-Yorgi-2-300x169.jpg 300w, https:\/\/www.alacatitravel.com\/de\/wp-content\/uploads\/sites\/3\/2023\/09\/Aya-Yorgi-2-768x432.jpg 768w, https:\/\/www.alacatitravel.com\/de\/wp-content\/uploads\/sites\/3\/2023\/09\/Aya-Yorgi-2.jpg 1280w\" sizes=\"(max-width: 1024px) 100vw, 1024px\" \/>\t\t\t\t\t\t\t\t\t\t\t\t\t\t\t<\/div>\n\t\t\t\t<\/div>\n\t\t\t\t<div class=\"elementor-element elementor-element-29e6ef6 elementor-widget elementor-widget-image\" data-id=\"29e6ef6\" data-element_type=\"widget\" data-widget_type=\"image.default\">\n\t\t\t\t<div class=\"elementor-widget-container\">\n\t\t\t\t\t\t\t\t\t\t\t\t\t\t\t<img loading=\"lazy\" decoding=\"async\" width=\"1024\" height=\"683\" src=\"https:\/\/www.alacatitravel.com\/de\/wp-content\/uploads\/sites\/3\/2023\/09\/Aya-Yorgi-3-1024x683.jpg\" class=\"attachment-large size-large wp-image-842\" alt=\"\" srcset=\"https:\/\/www.alacatitravel.com\/de\/wp-content\/uploads\/sites\/3\/2023\/09\/Aya-Yorgi-3-1024x683.jpg 1024w, https:\/\/www.alacatitravel.com\/de\/wp-content\/uploads\/sites\/3\/2023\/09\/Aya-Yorgi-3-300x200.jpg 300w, https:\/\/www.alacatitravel.com\/de\/wp-content\/uploads\/sites\/3\/2023\/09\/Aya-Yorgi-3-768x512.jpg 768w, https:\/\/www.alacatitravel.com\/de\/wp-content\/uploads\/sites\/3\/2023\/09\/Aya-Yorgi-3.jpg 1536w\" sizes=\"(max-width: 1024px) 100vw, 1024px\" \/>\t\t\t\t\t\t\t\t\t\t\t\t\t\t\t<\/div>\n\t\t\t\t<\/div>\n\t\t\t\t<div class=\"elementor-element elementor-element-f092aa1 elementor-widget elementor-widget-image\" data-id=\"f092aa1\" data-element_type=\"widget\" data-widget_type=\"image.default\">\n\t\t\t\t<div class=\"elementor-widget-container\">\n\t\t\t\t\t\t\t\t\t\t\t\t\t\t\t<img loading=\"lazy\" decoding=\"async\" width=\"800\" height=\"450\" src=\"https:\/\/www.alacatitravel.com\/de\/wp-content\/uploads\/sites\/3\/2023\/09\/Aya-Yorgi-1.jpg\" class=\"attachment-large size-large wp-image-841\" alt=\"\" srcset=\"https:\/\/www.alacatitravel.com\/de\/wp-content\/uploads\/sites\/3\/2023\/09\/Aya-Yorgi-1.jpg 800w, https:\/\/www.alacatitravel.com\/de\/wp-content\/uploads\/sites\/3\/2023\/09\/Aya-Yorgi-1-300x169.jpg 300w, https:\/\/www.alacatitravel.com\/de\/wp-content\/uploads\/sites\/3\/2023\/09\/Aya-Yorgi-1-768x432.jpg 768w\" sizes=\"(max-width: 800px) 100vw, 800px\" \/>\t\t\t\t\t\t\t\t\t\t\t\t\t\t\t<\/div>\n\t\t\t\t<\/div>\n\t\t\t\t\t<\/div>\n\t\t<\/div>\n\t\t\t\t\t\t\t<\/div>\n\t\t<\/section>\n\t\t\t\t\t\t\t<\/div>\n\t\t","protected":false},"excerpt":{"rendered":"<p>AYAYORGI BUCHT Eine der windstillen und einer der ber\u00fchmtesten Buchten, ist die Ayayorgi. Es gibt zu viele Strandclubs und Nachtclubs rund um diese Bucht. F\u00fcr Urlauber, die Spa\u00df haben wollen, kann es als die am besten geeignete dunkelste von \u00c7e\u015fme bezeichnet werden. Veranstaltungsorte, die tags\u00fcber als Strand Clubs funktionieren, bleiben nachts als Clubs. Die erste &hellip;<\/p>\n<p class=\"read-more\"> <a class=\"\" href=\"https:\/\/www.alacatitravel.com\/de\/ayayorgi-bucht\/\"> <span class=\"screen-reader-text\">AYAYORGI BUCHT<\/span> Weiterlesen &raquo;<\/a><\/p>\n","protected":false},"author":1,"featured_media":0,"parent":0,"menu_order":0,"comment_status":"closed","ping_status":"closed","template":"","meta":{"site-sidebar-layout":"no-sidebar","site-content-layout":"page-builder","ast-global-header-display":"","ast-main-header-display":"","ast-hfb-above-header-display":"","ast-hfb-below-header-display":"","ast-hfb-mobile-header-display":"","site-post-title":"disabled","ast-breadcrumbs-content":"","ast-featured-img":"disabled","footer-sml-layout":"","theme-transparent-header-meta":"","adv-header-id-meta":"","stick-header-meta":"","header-above-stick-meta":"","header-main-stick-meta":"","header-below-stick-meta":"","footnotes":""},"acf":[],"_links":{"self":[{"href":"https:\/\/www.alacatitravel.com\/de\/wp-json\/wp\/v2\/pages\/839"}],"collection":[{"href":"https:\/\/www.alacatitravel.com\/de\/wp-json\/wp\/v2\/pages"}],"about":[{"href":"https:\/\/www.alacatitravel.com\/de\/wp-json\/wp\/v2\/types\/page"}],"author":[{"embeddable":true,"href":"https:\/\/www.alacatitravel.com\/de\/wp-json\/wp\/v2\/users\/1"}],"replies":[{"embeddable":true,"href":"https:\/\/www.alacatitravel.com\/de\/wp-json\/wp\/v2\/comments?post=839"}],"version-history":[{"count":4,"href":"https:\/\/www.alacatitravel.com\/de\/wp-json\/wp\/v2\/pages\/839\/revisions"}],"predecessor-version":[{"id":846,"href":"https:\/\/www.alacatitravel.com\/de\/wp-json\/wp\/v2\/pages\/839\/revisions\/846"}],"wp:attachment":[{"href":"https:\/\/www.alacatitravel.com\/de\/wp-json\/wp\/v2\/media?parent=839"}],"curies":[{"name":"wp","href":"https:\/\/api.w.org\/{rel}","templated":true}]}}