{"id":825,"date":"2023-09-15T06:54:00","date_gmt":"2023-09-15T03:54:00","guid":{"rendered":"https:\/\/www.alacatitravel.com\/de\/?page_id=825"},"modified":"2023-09-15T06:54:58","modified_gmt":"2023-09-15T03:54:58","slug":"ilica","status":"publish","type":"page","link":"https:\/\/www.alacatitravel.com\/de\/ilica\/","title":{"rendered":"ILICA"},"content":{"rendered":"\t\t<div data-elementor-type=\"wp-page\" data-elementor-id=\"825\" class=\"elementor elementor-825\">\n\t\t\t\t\t\t\t\t\t<section class=\"elementor-section elementor-top-section elementor-element elementor-element-d8d41f0 elementor-section-boxed elementor-section-height-default elementor-section-height-default\" data-id=\"d8d41f0\" data-element_type=\"section\">\n\t\t\t\t\t\t<div class=\"elementor-container elementor-column-gap-default\">\n\t\t\t\t\t<div class=\"elementor-column elementor-col-100 elementor-top-column elementor-element elementor-element-fd6ae37\" data-id=\"fd6ae37\" data-element_type=\"column\">\n\t\t\t<div class=\"elementor-widget-wrap elementor-element-populated\">\n\t\t\t\t\t\t\t\t<div class=\"elementor-element elementor-element-8edc495 elementor-widget elementor-widget-heading\" data-id=\"8edc495\" data-element_type=\"widget\" data-widget_type=\"heading.default\">\n\t\t\t\t<div class=\"elementor-widget-container\">\n\t\t\t<style>\/*! elementor - v3.16.0 - 17-10-2023 *\/\n.elementor-heading-title{padding:0;margin:0;line-height:1}.elementor-widget-heading .elementor-heading-title[class*=elementor-size-]>a{color:inherit;font-size:inherit;line-height:inherit}.elementor-widget-heading .elementor-heading-title.elementor-size-small{font-size:15px}.elementor-widget-heading .elementor-heading-title.elementor-size-medium{font-size:19px}.elementor-widget-heading .elementor-heading-title.elementor-size-large{font-size:29px}.elementor-widget-heading .elementor-heading-title.elementor-size-xl{font-size:39px}.elementor-widget-heading .elementor-heading-title.elementor-size-xxl{font-size:59px}<\/style><h1 class=\"elementor-heading-title elementor-size-default\">ILICA<\/h1>\t\t<\/div>\n\t\t\t\t<\/div>\n\t\t\t\t\t<\/div>\n\t\t<\/div>\n\t\t\t\t\t\t\t<\/div>\n\t\t<\/section>\n\t\t\t\t<section class=\"elementor-section elementor-top-section elementor-element elementor-element-1b760e0 elementor-section-boxed elementor-section-height-default elementor-section-height-default\" data-id=\"1b760e0\" data-element_type=\"section\">\n\t\t\t\t\t\t<div class=\"elementor-container elementor-column-gap-default\">\n\t\t\t\t\t<div class=\"elementor-column elementor-col-50 elementor-top-column elementor-element elementor-element-c3cf049\" data-id=\"c3cf049\" data-element_type=\"column\">\n\t\t\t<div class=\"elementor-widget-wrap elementor-element-populated\">\n\t\t\t\t\t\t\t\t<div class=\"elementor-element elementor-element-bab97cc elementor-widget elementor-widget-text-editor\" data-id=\"bab97cc\" data-element_type=\"widget\" data-widget_type=\"text-editor.default\">\n\t\t\t\t<div class=\"elementor-widget-container\">\n\t\t\t<style>\/*! elementor - v3.16.0 - 17-10-2023 *\/\n.elementor-widget-text-editor.elementor-drop-cap-view-stacked .elementor-drop-cap{background-color:#69727d;color:#fff}.elementor-widget-text-editor.elementor-drop-cap-view-framed .elementor-drop-cap{color:#69727d;border:3px solid;background-color:transparent}.elementor-widget-text-editor:not(.elementor-drop-cap-view-default) .elementor-drop-cap{margin-top:8px}.elementor-widget-text-editor:not(.elementor-drop-cap-view-default) .elementor-drop-cap-letter{width:1em;height:1em}.elementor-widget-text-editor .elementor-drop-cap{float:left;text-align:center;line-height:1;font-size:50px}.elementor-widget-text-editor .elementor-drop-cap-letter{display:inline-block}<\/style>\t\t\t\t<p>Der erste Strand, der in den Sinn kommt, wenn es um \u00c7e\u015fme geht. Das Wasser ist w\u00e4rmer und abgehackter als an anderen Str\u00e4nden von \u00c7e\u015fme. Der Sand des Strandes ist so weich, dass selbst das Herumlaufen eine therapeutische Wirkung haben kann. Wenn Sie m\u00f6chten, k\u00f6nnen Sie nur Ihr Handtuch legen und es genie\u00dfen oder kostenpflichtige Liegest\u00fchle nutzen.<\/p><p><span style=\"color: #333333; font-family: 'Open Sans', Arial, sans-serif; font-size: 16px; background-color: rgba(0, 0, 0, 0.04);\">Gro\u00dfe und kleine Unterk\u00fcnfte in Il\u0131ca sind in der Lage, die Bed\u00fcrfnisse intensiver touristischer Kapazit\u00e4ten zu erf\u00fcllen.\u202fEines der wichtigsten Merkmale der Str\u00e4nde von \u00c7e\u015fme und insbesondere des Strandes von Il\u0131ca ist, dass sich ein hundert Meter langer Streifen von der K\u00fcste in Richtung Meer in einer Tiefe befindet, die die menschliche H\u00f6he nicht \u00fcberschreitet.\u202fDer gro\u00dfe Strand verhindert, dass sich alle gegenseitig betreten. Obwohl der Sommer sehr voll ist, ist es immer m\u00f6glich, einen abgelegenen Ort am Strand zu finden.<\/span><br style=\"color: #333333; font-family: 'Open Sans', Arial, sans-serif; font-size: 16px; background-color: rgba(0, 0, 0, 0.04);\" \/><br style=\"color: #333333; font-family: 'Open Sans', Arial, sans-serif; font-size: 16px; background-color: rgba(0, 0, 0, 0.04);\" \/><span style=\"color: #333333; font-family: 'Open Sans', Arial, sans-serif; font-size: 16px; background-color: rgba(0, 0, 0, 0.04);\">Wissenschaftliche Erkenntnisse haben gezeigt, dass ultraviolette Strahlen f\u00fcr die menschliche Gesundheit viel vorteilhafter sind, insbesondere in flachen Gew\u00e4ssern, die von thermischen Quellen gespeist werden.Dar\u00fcber hinaus sind die M\u00f6glichkeiten f\u00fcr Kinder, von diesen Str\u00e4nden zu profitieren, im Hinblick auf Gesundheit und Lebenssicherheit g\u00fcnstig.<\/span><br style=\"color: #333333; font-family: 'Open Sans', Arial, sans-serif; font-size: 16px; background-color: rgba(0, 0, 0, 0.04);\" \/><br style=\"color: #333333; font-family: 'Open Sans', Arial, sans-serif; font-size: 16px; background-color: rgba(0, 0, 0, 0.04);\" \/><span style=\"color: #333333; font-family: 'Open Sans', Arial, sans-serif; font-size: 16px; background-color: rgba(0, 0, 0, 0.04);\">Il\u0131ca liegt fast f\u00fcnf Minuten vom Zentrum von \u00c7e\u015fme und Ala\u00e7at\u0131 entfernt, daher ist die Lage perfekt!<\/span><br style=\"color: #333333; font-family: 'Open Sans', Arial, sans-serif; font-size: 16px; background-color: rgba(0, 0, 0, 0.04);\" \/><br style=\"color: #333333; font-family: 'Open Sans', Arial, sans-serif; font-size: 16px; background-color: rgba(0, 0, 0, 0.04);\" \/><span style=\"color: #333333; font-family: 'Open Sans', Arial, sans-serif; font-size: 16px; background-color: rgba(0, 0, 0, 0.04);\">Eine weitere Sch\u00f6nheit des Strandes von Il\u0131ca ist, dass er sich im Gegensatz zu den Str\u00e4nden von \u00c7e\u015fme nicht in einen &#8222;Beach Club&#8220; verwandelt hat und nicht unter dem Schutz eines Unternehmens stand.<\/span><br style=\"color: #333333; font-family: 'Open Sans', Arial, sans-serif; font-size: 16px; background-color: rgba(0, 0, 0, 0.04);\" \/><br style=\"color: #333333; font-family: 'Open Sans', Arial, sans-serif; font-size: 16px; background-color: rgba(0, 0, 0, 0.04);\" \/><span style=\"color: #333333; font-family: 'Open Sans', Arial, sans-serif; font-size: 16px; background-color: rgba(0, 0, 0, 0.04);\">Nat\u00fcrlich machen traditionelle Restaurants, Caf\u00e9s, Kumrucu, Boutiquen und vieles mehr in der Region Ihren Aufenthalt angenehmer.<\/span><br style=\"color: #333333; font-family: 'Open Sans', Arial, sans-serif; font-size: 16px; background-color: rgba(0, 0, 0, 0.04);\" \/><br style=\"color: #333333; font-family: 'Open Sans', Arial, sans-serif; font-size: 16px; background-color: rgba(0, 0, 0, 0.04);\" \/><span style=\"color: #333333; font-family: 'Open Sans', Arial, sans-serif; font-size: 16px; background-color: rgba(0, 0, 0, 0.04);\">Il\u0131ca ist nicht nur ber\u00fchmt f\u00fcr sein tiefblaues Wasser, sondern auch f\u00fcr seine thermischen Einrichtungen. Sie finden in Luxushotels, Hostels in Ilica oder der Region heisse Quellwasser.<\/span><br style=\"color: #333333; font-family: 'Open Sans', Arial, sans-serif; font-size: 16px; background-color: rgba(0, 0, 0, 0.04);\" \/><br style=\"color: #333333; font-family: 'Open Sans', Arial, sans-serif; font-size: 16px; background-color: rgba(0, 0, 0, 0.04);\" \/><span style=\"color: #333333; font-family: 'Open Sans', Arial, sans-serif; font-size: 16px; background-color: rgba(0, 0, 0, 0.04);\">Il\u0131ca ist ein viel besserer Veranstaltungsort geworden als zuvor. Es gab vorher weder Hotels noch Herbergen. Heutzutage gibt es Luxushotels und Budget-Hostels. Dar\u00fcber hinaus gibt es viele Alternativen f\u00fcr diejenigen, die das Nachtleben lieben. Mit dem Luxushotel, das von der Firma Sheraton in der Region gegr\u00fcndet wurde, wurde die Umgebung immer aktiver. Aufgrund des Quellwassers des Strandes hat es die Aufmerksamkeit von Touristen aus aller Welt auf sich gezogen.<\/span><\/p>\t\t\t\t\t\t<\/div>\n\t\t\t\t<\/div>\n\t\t\t\t\t<\/div>\n\t\t<\/div>\n\t\t\t\t<div class=\"elementor-column elementor-col-50 elementor-top-column elementor-element elementor-element-a3f1dfb\" data-id=\"a3f1dfb\" data-element_type=\"column\">\n\t\t\t<div class=\"elementor-widget-wrap elementor-element-populated\">\n\t\t\t\t\t\t\t\t<div class=\"elementor-element elementor-element-0f546a2 elementor-widget elementor-widget-image\" data-id=\"0f546a2\" data-element_type=\"widget\" data-widget_type=\"image.default\">\n\t\t\t\t<div class=\"elementor-widget-container\">\n\t\t\t<style>\/*! elementor - v3.16.0 - 17-10-2023 *\/\n.elementor-widget-image{text-align:center}.elementor-widget-image a{display:inline-block}.elementor-widget-image a img[src$=\".svg\"]{width:48px}.elementor-widget-image img{vertical-align:middle;display:inline-block}<\/style>\t\t\t\t\t\t\t\t\t\t\t\t<img decoding=\"async\" src=\"https:\/\/www.alacatitravel.com\/wp-content\/uploads\/2023\/09\/ilica-3.jpg\" title=\"\" alt=\"\" loading=\"lazy\" \/>\t\t\t\t\t\t\t\t\t\t\t\t\t\t\t<\/div>\n\t\t\t\t<\/div>\n\t\t\t\t<div class=\"elementor-element elementor-element-f4c2b83 elementor-widget elementor-widget-image\" data-id=\"f4c2b83\" data-element_type=\"widget\" data-widget_type=\"image.default\">\n\t\t\t\t<div class=\"elementor-widget-container\">\n\t\t\t\t\t\t\t\t\t\t\t\t\t\t\t<img loading=\"lazy\" decoding=\"async\" width=\"640\" height=\"640\" src=\"https:\/\/www.alacatitravel.com\/de\/wp-content\/uploads\/sites\/3\/2023\/09\/ilica-2.jpg\" class=\"attachment-large size-large wp-image-829\" alt=\"\" srcset=\"https:\/\/www.alacatitravel.com\/de\/wp-content\/uploads\/sites\/3\/2023\/09\/ilica-2.jpg 640w, https:\/\/www.alacatitravel.com\/de\/wp-content\/uploads\/sites\/3\/2023\/09\/ilica-2-300x300.jpg 300w, https:\/\/www.alacatitravel.com\/de\/wp-content\/uploads\/sites\/3\/2023\/09\/ilica-2-150x150.jpg 150w\" sizes=\"(max-width: 640px) 100vw, 640px\" \/>\t\t\t\t\t\t\t\t\t\t\t\t\t\t\t<\/div>\n\t\t\t\t<\/div>\n\t\t\t\t<div class=\"elementor-element elementor-element-723b9c2 elementor-widget elementor-widget-image\" data-id=\"723b9c2\" data-element_type=\"widget\" data-widget_type=\"image.default\">\n\t\t\t\t<div class=\"elementor-widget-container\">\n\t\t\t\t\t\t\t\t\t\t\t\t\t\t\t<img loading=\"lazy\" decoding=\"async\" width=\"780\" height=\"411\" src=\"https:\/\/www.alacatitravel.com\/de\/wp-content\/uploads\/sites\/3\/2023\/09\/ilica-1.jpg\" class=\"attachment-large size-large wp-image-827\" alt=\"\" srcset=\"https:\/\/www.alacatitravel.com\/de\/wp-content\/uploads\/sites\/3\/2023\/09\/ilica-1.jpg 780w, https:\/\/www.alacatitravel.com\/de\/wp-content\/uploads\/sites\/3\/2023\/09\/ilica-1-300x158.jpg 300w, https:\/\/www.alacatitravel.com\/de\/wp-content\/uploads\/sites\/3\/2023\/09\/ilica-1-768x405.jpg 768w\" sizes=\"(max-width: 780px) 100vw, 780px\" \/>\t\t\t\t\t\t\t\t\t\t\t\t\t\t\t<\/div>\n\t\t\t\t<\/div>\n\t\t\t\t\t<\/div>\n\t\t<\/div>\n\t\t\t\t\t\t\t<\/div>\n\t\t<\/section>\n\t\t\t\t\t\t\t<\/div>\n\t\t","protected":false},"excerpt":{"rendered":"<p>ILICA Der erste Strand, der in den Sinn kommt, wenn es um \u00c7e\u015fme geht. Das Wasser ist w\u00e4rmer und abgehackter als an anderen Str\u00e4nden von \u00c7e\u015fme. Der Sand des Strandes ist so weich, dass selbst das Herumlaufen eine therapeutische Wirkung haben kann. Wenn Sie m\u00f6chten, k\u00f6nnen Sie nur Ihr Handtuch legen und es genie\u00dfen oder &hellip;<\/p>\n<p class=\"read-more\"> <a class=\"\" href=\"https:\/\/www.alacatitravel.com\/de\/ilica\/\"> <span class=\"screen-reader-text\">ILICA<\/span> Weiterlesen &raquo;<\/a><\/p>\n","protected":false},"author":1,"featured_media":0,"parent":0,"menu_order":0,"comment_status":"closed","ping_status":"closed","template":"","meta":{"site-sidebar-layout":"no-sidebar","site-content-layout":"page-builder","ast-global-header-display":"","ast-main-header-display":"","ast-hfb-above-header-display":"","ast-hfb-below-header-display":"","ast-hfb-mobile-header-display":"","site-post-title":"disabled","ast-breadcrumbs-content":"","ast-featured-img":"disabled","footer-sml-layout":"","theme-transparent-header-meta":"","adv-header-id-meta":"","stick-header-meta":"","header-above-stick-meta":"","header-main-stick-meta":"","header-below-stick-meta":"","footnotes":""},"acf":[],"_links":{"self":[{"href":"https:\/\/www.alacatitravel.com\/de\/wp-json\/wp\/v2\/pages\/825"}],"collection":[{"href":"https:\/\/www.alacatitravel.com\/de\/wp-json\/wp\/v2\/pages"}],"about":[{"href":"https:\/\/www.alacatitravel.com\/de\/wp-json\/wp\/v2\/types\/page"}],"author":[{"embeddable":true,"href":"https:\/\/www.alacatitravel.com\/de\/wp-json\/wp\/v2\/users\/1"}],"replies":[{"embeddable":true,"href":"https:\/\/www.alacatitravel.com\/de\/wp-json\/wp\/v2\/comments?post=825"}],"version-history":[{"count":4,"href":"https:\/\/www.alacatitravel.com\/de\/wp-json\/wp\/v2\/pages\/825\/revisions"}],"predecessor-version":[{"id":832,"href":"https:\/\/www.alacatitravel.com\/de\/wp-json\/wp\/v2\/pages\/825\/revisions\/832"}],"wp:attachment":[{"href":"https:\/\/www.alacatitravel.com\/de\/wp-json\/wp\/v2\/media?parent=825"}],"curies":[{"name":"wp","href":"https:\/\/api.w.org\/{rel}","templated":true}]}}