{"id":816,"date":"2023-09-15T06:52:32","date_gmt":"2023-09-15T03:52:32","guid":{"rendered":"https:\/\/www.alacatitravel.com\/de\/?page_id=816"},"modified":"2023-09-15T06:53:43","modified_gmt":"2023-09-15T03:53:43","slug":"boyalik","status":"publish","type":"page","link":"https:\/\/www.alacatitravel.com\/de\/boyalik\/","title":{"rendered":"STRAND BOYALIK"},"content":{"rendered":"\t\t<div data-elementor-type=\"wp-page\" data-elementor-id=\"816\" class=\"elementor elementor-816\">\n\t\t\t\t\t\t\t\t\t<section class=\"elementor-section elementor-top-section elementor-element elementor-element-47f5947 elementor-section-boxed elementor-section-height-default elementor-section-height-default\" data-id=\"47f5947\" data-element_type=\"section\">\n\t\t\t\t\t\t<div class=\"elementor-container elementor-column-gap-default\">\n\t\t\t\t\t<div class=\"elementor-column elementor-col-100 elementor-top-column elementor-element elementor-element-fecc2b8\" data-id=\"fecc2b8\" data-element_type=\"column\">\n\t\t\t<div class=\"elementor-widget-wrap elementor-element-populated\">\n\t\t\t\t\t\t\t\t<div class=\"elementor-element elementor-element-86cf787 elementor-widget elementor-widget-heading\" data-id=\"86cf787\" data-element_type=\"widget\" data-widget_type=\"heading.default\">\n\t\t\t\t<div class=\"elementor-widget-container\">\n\t\t\t<style>\/*! elementor - v3.16.0 - 17-10-2023 *\/\n.elementor-heading-title{padding:0;margin:0;line-height:1}.elementor-widget-heading .elementor-heading-title[class*=elementor-size-]>a{color:inherit;font-size:inherit;line-height:inherit}.elementor-widget-heading .elementor-heading-title.elementor-size-small{font-size:15px}.elementor-widget-heading .elementor-heading-title.elementor-size-medium{font-size:19px}.elementor-widget-heading .elementor-heading-title.elementor-size-large{font-size:29px}.elementor-widget-heading .elementor-heading-title.elementor-size-xl{font-size:39px}.elementor-widget-heading .elementor-heading-title.elementor-size-xxl{font-size:59px}<\/style><h1 class=\"elementor-heading-title elementor-size-default\">STRAND BOYALIK<\/h1>\t\t<\/div>\n\t\t\t\t<\/div>\n\t\t\t\t\t<\/div>\n\t\t<\/div>\n\t\t\t\t\t\t\t<\/div>\n\t\t<\/section>\n\t\t\t\t<section class=\"elementor-section elementor-top-section elementor-element elementor-element-923faaa elementor-section-boxed elementor-section-height-default elementor-section-height-default\" data-id=\"923faaa\" data-element_type=\"section\">\n\t\t\t\t\t\t<div class=\"elementor-container elementor-column-gap-default\">\n\t\t\t\t\t<div class=\"elementor-column elementor-col-50 elementor-top-column elementor-element elementor-element-404aed2\" data-id=\"404aed2\" data-element_type=\"column\">\n\t\t\t<div class=\"elementor-widget-wrap elementor-element-populated\">\n\t\t\t\t\t\t\t\t<div class=\"elementor-element elementor-element-2d2e45f elementor-widget elementor-widget-text-editor\" data-id=\"2d2e45f\" data-element_type=\"widget\" data-widget_type=\"text-editor.default\">\n\t\t\t\t<div class=\"elementor-widget-container\">\n\t\t\t<style>\/*! elementor - v3.16.0 - 17-10-2023 *\/\n.elementor-widget-text-editor.elementor-drop-cap-view-stacked .elementor-drop-cap{background-color:#69727d;color:#fff}.elementor-widget-text-editor.elementor-drop-cap-view-framed .elementor-drop-cap{color:#69727d;border:3px solid;background-color:transparent}.elementor-widget-text-editor:not(.elementor-drop-cap-view-default) .elementor-drop-cap{margin-top:8px}.elementor-widget-text-editor:not(.elementor-drop-cap-view-default) .elementor-drop-cap-letter{width:1em;height:1em}.elementor-widget-text-editor .elementor-drop-cap{float:left;text-align:center;line-height:1;font-size:50px}.elementor-widget-text-editor .elementor-drop-cap-letter{display:inline-block}<\/style>\t\t\t\t<p>Die ersten 250 Meter des Meeres sind flach und bieten einen Vorteil f\u00fcr Familien mit klein Kindern und diejenigen, die nicht gut schwimmen k\u00f6nnen. Mit der ganzen Familie k\u00f6nne sie den Tag am Boyalik Strand problemlos ausklingen lassen. An der N\u00e4he von Boyalik Beach hat viele Bars und gute Restaurants den ganzen Tag ge\u00f6ffnet, wo Sie k\u00f6stliche t\u00fcrkische Speisen geniessen k\u00f6nnen.<br \/><br \/>In Cesme stehen ihnen viele Unternehmen zur Verf\u00fcgung, mit denen Sie eine Vielzahl von Wassersportarten ausprobieren k\u00f6nnen, wie Schnorcheln, Tauchen, Surfen, Windsurfen Wakeboarden Segeln Kitesurfen Aqua Gymnastik usw.<br \/><br \/>Da Boyalik Beach einer der \u00f6ffentlichen Str\u00e4nde von Cesme. Sie m\u00fcssen nicht f\u00fcr den Eintritt bezahlen. Sie k\u00f6nnen eine Sonnenliege von Unternehmen entlang der K\u00fcste mieten oder einfach nur Ihr Handtuch in einem leeren Ort ausbreiten und das t\u00fcrkisfarbene, wundersch\u00f6ne Meer geniessen. Rund um den Strand Boyalik gibt es f\u00fcr jedes Budget eine grosse Auswahl an Unterk\u00fcnften f\u00fcr verschiedene M\u00f6glichkeiten.<br \/><br \/>Kommen Sie nach Cesme und geniessen die das herrliche Wetter in Begleitung von Wind und Meer.<\/p>\t\t\t\t\t\t<\/div>\n\t\t\t\t<\/div>\n\t\t\t\t\t<\/div>\n\t\t<\/div>\n\t\t\t\t<div class=\"elementor-column elementor-col-50 elementor-top-column elementor-element elementor-element-a78be99\" data-id=\"a78be99\" data-element_type=\"column\">\n\t\t\t<div class=\"elementor-widget-wrap elementor-element-populated\">\n\t\t\t\t\t\t\t\t<div class=\"elementor-element elementor-element-474b004 elementor-widget elementor-widget-image\" data-id=\"474b004\" data-element_type=\"widget\" data-widget_type=\"image.default\">\n\t\t\t\t<div class=\"elementor-widget-container\">\n\t\t\t<style>\/*! elementor - v3.16.0 - 17-10-2023 *\/\n.elementor-widget-image{text-align:center}.elementor-widget-image a{display:inline-block}.elementor-widget-image a img[src$=\".svg\"]{width:48px}.elementor-widget-image img{vertical-align:middle;display:inline-block}<\/style>\t\t\t\t\t\t\t\t\t\t\t\t<img loading=\"lazy\" decoding=\"async\" width=\"797\" height=\"495\" src=\"https:\/\/www.alacatitravel.com\/de\/wp-content\/uploads\/sites\/3\/2023\/09\/boyalik-plaji-1.jpg\" class=\"attachment-large size-large wp-image-819\" alt=\"\" srcset=\"https:\/\/www.alacatitravel.com\/de\/wp-content\/uploads\/sites\/3\/2023\/09\/boyalik-plaji-1.jpg 797w, https:\/\/www.alacatitravel.com\/de\/wp-content\/uploads\/sites\/3\/2023\/09\/boyalik-plaji-1-300x186.jpg 300w, https:\/\/www.alacatitravel.com\/de\/wp-content\/uploads\/sites\/3\/2023\/09\/boyalik-plaji-1-768x477.jpg 768w\" sizes=\"(max-width: 797px) 100vw, 797px\" \/>\t\t\t\t\t\t\t\t\t\t\t\t\t\t\t<\/div>\n\t\t\t\t<\/div>\n\t\t\t\t<div class=\"elementor-element elementor-element-006d836 elementor-widget elementor-widget-image\" data-id=\"006d836\" data-element_type=\"widget\" data-widget_type=\"image.default\">\n\t\t\t\t<div class=\"elementor-widget-container\">\n\t\t\t\t\t\t\t\t\t\t\t\t\t\t\t<img loading=\"lazy\" decoding=\"async\" width=\"960\" height=\"720\" src=\"https:\/\/www.alacatitravel.com\/de\/wp-content\/uploads\/sites\/3\/2023\/09\/boyalik-plaji-3.jpg\" class=\"attachment-large size-large wp-image-821\" alt=\"\" srcset=\"https:\/\/www.alacatitravel.com\/de\/wp-content\/uploads\/sites\/3\/2023\/09\/boyalik-plaji-3.jpg 960w, https:\/\/www.alacatitravel.com\/de\/wp-content\/uploads\/sites\/3\/2023\/09\/boyalik-plaji-3-300x225.jpg 300w, https:\/\/www.alacatitravel.com\/de\/wp-content\/uploads\/sites\/3\/2023\/09\/boyalik-plaji-3-768x576.jpg 768w\" sizes=\"(max-width: 960px) 100vw, 960px\" \/>\t\t\t\t\t\t\t\t\t\t\t\t\t\t\t<\/div>\n\t\t\t\t<\/div>\n\t\t\t\t\t<\/div>\n\t\t<\/div>\n\t\t\t\t\t\t\t<\/div>\n\t\t<\/section>\n\t\t\t\t\t\t\t<\/div>\n\t\t","protected":false},"excerpt":{"rendered":"<p>STRAND BOYALIK Die ersten 250 Meter des Meeres sind flach und bieten einen Vorteil f\u00fcr Familien mit klein Kindern und diejenigen, die nicht gut schwimmen k\u00f6nnen. Mit der ganzen Familie k\u00f6nne sie den Tag am Boyalik Strand problemlos ausklingen lassen. An der N\u00e4he von Boyalik Beach hat viele Bars und gute Restaurants den ganzen Tag &hellip;<\/p>\n<p class=\"read-more\"> <a class=\"\" href=\"https:\/\/www.alacatitravel.com\/de\/boyalik\/\"> <span class=\"screen-reader-text\">STRAND BOYALIK<\/span> Weiterlesen &raquo;<\/a><\/p>\n","protected":false},"author":1,"featured_media":0,"parent":0,"menu_order":0,"comment_status":"closed","ping_status":"closed","template":"","meta":{"site-sidebar-layout":"no-sidebar","site-content-layout":"page-builder","ast-global-header-display":"","ast-main-header-display":"","ast-hfb-above-header-display":"","ast-hfb-below-header-display":"","ast-hfb-mobile-header-display":"","site-post-title":"disabled","ast-breadcrumbs-content":"","ast-featured-img":"disabled","footer-sml-layout":"","theme-transparent-header-meta":"","adv-header-id-meta":"","stick-header-meta":"","header-above-stick-meta":"","header-main-stick-meta":"","header-below-stick-meta":"","footnotes":""},"acf":[],"_links":{"self":[{"href":"https:\/\/www.alacatitravel.com\/de\/wp-json\/wp\/v2\/pages\/816"}],"collection":[{"href":"https:\/\/www.alacatitravel.com\/de\/wp-json\/wp\/v2\/pages"}],"about":[{"href":"https:\/\/www.alacatitravel.com\/de\/wp-json\/wp\/v2\/types\/page"}],"author":[{"embeddable":true,"href":"https:\/\/www.alacatitravel.com\/de\/wp-json\/wp\/v2\/users\/1"}],"replies":[{"embeddable":true,"href":"https:\/\/www.alacatitravel.com\/de\/wp-json\/wp\/v2\/comments?post=816"}],"version-history":[{"count":5,"href":"https:\/\/www.alacatitravel.com\/de\/wp-json\/wp\/v2\/pages\/816\/revisions"}],"predecessor-version":[{"id":824,"href":"https:\/\/www.alacatitravel.com\/de\/wp-json\/wp\/v2\/pages\/816\/revisions\/824"}],"wp:attachment":[{"href":"https:\/\/www.alacatitravel.com\/de\/wp-json\/wp\/v2\/media?parent=816"}],"curies":[{"name":"wp","href":"https:\/\/api.w.org\/{rel}","templated":true}]}}