{"id":806,"date":"2023-09-15T06:51:15","date_gmt":"2023-09-15T03:51:15","guid":{"rendered":"https:\/\/www.alacatitravel.com\/de\/?page_id=806"},"modified":"2023-09-15T06:52:12","modified_gmt":"2023-09-15T03:52:12","slug":"alacati","status":"publish","type":"page","link":"https:\/\/www.alacatitravel.com\/de\/alacati\/","title":{"rendered":"ALACATI"},"content":{"rendered":"\t\t<div data-elementor-type=\"wp-page\" data-elementor-id=\"806\" class=\"elementor elementor-806\">\n\t\t\t\t\t\t\t\t\t<section class=\"elementor-section elementor-top-section elementor-element elementor-element-5019004 elementor-section-boxed elementor-section-height-default elementor-section-height-default\" data-id=\"5019004\" data-element_type=\"section\">\n\t\t\t\t\t\t<div class=\"elementor-container elementor-column-gap-default\">\n\t\t\t\t\t<div class=\"elementor-column elementor-col-100 elementor-top-column elementor-element elementor-element-9ea2f76\" data-id=\"9ea2f76\" data-element_type=\"column\">\n\t\t\t<div class=\"elementor-widget-wrap elementor-element-populated\">\n\t\t\t\t\t\t\t\t<div class=\"elementor-element elementor-element-665afb5 elementor-widget elementor-widget-heading\" data-id=\"665afb5\" data-element_type=\"widget\" data-widget_type=\"heading.default\">\n\t\t\t\t<div class=\"elementor-widget-container\">\n\t\t\t<style>\/*! elementor - v3.16.0 - 17-10-2023 *\/\n.elementor-heading-title{padding:0;margin:0;line-height:1}.elementor-widget-heading .elementor-heading-title[class*=elementor-size-]>a{color:inherit;font-size:inherit;line-height:inherit}.elementor-widget-heading .elementor-heading-title.elementor-size-small{font-size:15px}.elementor-widget-heading .elementor-heading-title.elementor-size-medium{font-size:19px}.elementor-widget-heading .elementor-heading-title.elementor-size-large{font-size:29px}.elementor-widget-heading .elementor-heading-title.elementor-size-xl{font-size:39px}.elementor-widget-heading .elementor-heading-title.elementor-size-xxl{font-size:59px}<\/style><h1 class=\"elementor-heading-title elementor-size-default\">ALACATI<\/h1>\t\t<\/div>\n\t\t\t\t<\/div>\n\t\t\t\t\t<\/div>\n\t\t<\/div>\n\t\t\t\t\t\t\t<\/div>\n\t\t<\/section>\n\t\t\t\t<section class=\"elementor-section elementor-top-section elementor-element elementor-element-5cdea09 elementor-section-boxed elementor-section-height-default elementor-section-height-default\" data-id=\"5cdea09\" data-element_type=\"section\">\n\t\t\t\t\t\t<div class=\"elementor-container elementor-column-gap-default\">\n\t\t\t\t\t<div class=\"elementor-column elementor-col-50 elementor-top-column elementor-element elementor-element-eaa80b8\" data-id=\"eaa80b8\" data-element_type=\"column\">\n\t\t\t<div class=\"elementor-widget-wrap elementor-element-populated\">\n\t\t\t\t\t\t\t\t<div class=\"elementor-element elementor-element-cdfbdaf elementor-widget elementor-widget-text-editor\" data-id=\"cdfbdaf\" data-element_type=\"widget\" data-widget_type=\"text-editor.default\">\n\t\t\t\t<div class=\"elementor-widget-container\">\n\t\t\t<style>\/*! elementor - v3.16.0 - 17-10-2023 *\/\n.elementor-widget-text-editor.elementor-drop-cap-view-stacked .elementor-drop-cap{background-color:#69727d;color:#fff}.elementor-widget-text-editor.elementor-drop-cap-view-framed .elementor-drop-cap{color:#69727d;border:3px solid;background-color:transparent}.elementor-widget-text-editor:not(.elementor-drop-cap-view-default) .elementor-drop-cap{margin-top:8px}.elementor-widget-text-editor:not(.elementor-drop-cap-view-default) .elementor-drop-cap-letter{width:1em;height:1em}.elementor-widget-text-editor .elementor-drop-cap{float:left;text-align:center;line-height:1;font-size:50px}.elementor-widget-text-editor .elementor-drop-cap-letter{display:inline-block}<\/style>\t\t\t\t<p>Das kleine Dorf Alacati ist im S\u00fcden der Halbinsel, bekannt f\u00fcr seine Bucht ist ein attraktives Ziel f\u00fcr Surfer. Das flache Gebiet mit konstantem Wind und flachem Wasser hat Ala\u00e7at\u0131 zu einem weltber\u00fchmten Surfgebiet gemacht. Viele Surfclubs bieten auch Kurse an und vermieten Surfbretter.<\/p><p style=\"margin-bottom: 1.5em; font-size: 16px; color: #333333; font-family: 'Open Sans', Arial, sans-serif; font-style: normal; font-weight: 500; background-color: rgba(0, 0, 0, 0.04);\">Das Dorf Alacati, eines der beliebtesten Ausgehviertel, beherbergt die meisten Boutique-Hotels der Region mit seinen engen Gassen und restaurierten H\u00e4usern.<\/p><h2 style=\"line-height: 1.1; color: #333333; margin-bottom: 30px; font-style: normal; background-color: rgba(0, 0, 0, 0.04); font-size: 26px !important;\">Ala\u00e7at\u0131 Steinh\u00e4user<\/h2><p style=\"margin-bottom: 1.5em; font-size: 16px; color: #333333; font-family: 'Open Sans', Arial, sans-serif; font-style: normal; font-weight: 500; background-color: rgba(0, 0, 0, 0.04);\">Wenn Sie an Ala\u00e7at\u0131 denken, fallen Ihnen als Erstes Steinh\u00e4user ein, von denen viele seit mehr als 100 Jahren stehen. Es gibt 1300 gut erhaltene Steinh\u00e4user in der Umgebung. Es besteht aus lokalen Steinen aus den Steinbr\u00fcchen am Balanbaka-Berg, wo helle, weiche Steine ihre Eigenschaften widerspiegeln. Da es mit speziellem M\u00f6rtel gebaut wurde, bewahrt es die K\u00fchle des Sommers und die W\u00e4rme des Winters. Die H\u00e4user bestehen aus zweist\u00f6ckigen Geb\u00e4uden und die meisten haben einen Garten.<\/p><h2 style=\"line-height: 1.1; color: #333333; margin-bottom: 30px; font-style: normal; background-color: rgba(0, 0, 0, 0.04); font-size: 26px !important;\">Alacati Windm\u00fchlen<\/h2><p style=\"margin-bottom: 1.5em; font-size: 16px; color: #333333; font-family: 'Open Sans', Arial, sans-serif; font-style: normal; font-weight: 500; background-color: rgba(0, 0, 0, 0.04);\">Antike Windm\u00fchlen, eines der \u00e4ltesten Bauwerke der Region und das Symbol unseres Ala\u00e7at\u0131, stammen aus den 1850er Jahren bis heute. Die Windm\u00fchlen von Ala\u00e7at\u0131, mit denen fr\u00fcher Mehl gemahlen wurde, ziehen heute bei den Besuchern gro\u00dfe Aufmerksamkeit auf sich.<br \/><br \/>Alacati ist ein \u00e4g\u00e4ischer Ort mit seinen historischen Steinh\u00e4usern, farbenfrohen Blumenstra\u00dfen, Windm\u00fchlen, Boutiquen, eleganten Restaurants und vielen weiteren Einrichtungen.<br \/><br \/>Viele der Orte, die man in Ala\u00e7at\u0131 besuchen sollte, befinden sich tats\u00e4chlich in der Nachbarschaft Yeni Mecidiye. Allgemeine Orte wie Ala\u00e7at\u0131 Windm\u00fchlen, Ala\u00e7at\u0131 Bazaar, Ala\u00e7at\u0131 Stadt und Ala\u00e7at\u0131s beliebteste Restaurants und Bars befinden sich ebenfalls hier. In dieser Region gibt es Boutique-Hotels, die im Allgemeinen in den traditionellen Steinh\u00e4usern von Ala\u00e7at\u0131 serviert werden.<br \/><br \/>Es liegt ungef\u00e4hr 8 km vom Zentrum von \u00c7e\u015fme entfernt. Es gibt viele Transportm\u00f6glichkeiten von Kleinbussen. Es ist sehr einfach \u00c7e\u015fme und auch andere Regionen und Str\u00e4nde von \u00c7e\u015fme damit zu erreichen. Es gibt auch viele Taxis in Alacati, Sie k\u00f6nnen leicht ein Auto 24\/7 finden, wann immer Sie wollen.<\/p><h3 style=\"line-height: 1.1; color: #333333; margin-bottom: 30px; font-size: 24px; font-style: normal; background-color: rgba(0, 0, 0, 0.04);\">Unterk\u00fcnfte in Ala\u00e7at\u0131<\/h3><ul style=\"font-size: 16px; color: #333333; font-family: 'Open Sans', Arial, sans-serif; font-style: normal; font-weight: 500; background-color: rgba(0, 0, 0, 0.04);\"><li>Alacati Zentrum<\/li><li>Yeni Mecidiye Nachbarschaft<\/li><li>Ala\u00e7at\u0131 Marina \/ Port Alacati<\/li><\/ul><h2 style=\"line-height: 1.1; color: #333333; margin-bottom: 30px; font-style: normal; background-color: rgba(0, 0, 0, 0.04); font-size: 26px !important;\">Alacati Marina<\/h2><p style=\"margin-bottom: 1.5em; font-size: 16px; color: #333333; font-family: 'Open Sans', Arial, sans-serif; font-style: normal; font-weight: 500; background-color: rgba(0, 0, 0, 0.04);\">Ala\u00e7at\u0131 Marina, die sich s\u00fcdlich der \u00c4g\u00e4is \u00f6ffnet, ist ein Ort, an dem die Segelboote und Boote, die es beherbergt, bei Sonnenuntergang gro\u00dfartige Fotos machen k\u00f6nnen, insbesondere f\u00fcr Fotografen. Ala\u00e7at\u0131 Marina bietet eine farbenfrohe Aussicht, wo Sie mit seinen Hotels, Restaurants und Caf\u00e9s eine tolle Zeit verbringen k\u00f6nnen.<\/p><h2 style=\"line-height: 1.1; color: #333333; margin-bottom: 30px; font-style: normal; background-color: rgba(0, 0, 0, 0.04); font-size: 26px !important;\">Ala\u00e7at\u0131 Ot Festival<\/h2><p style=\"margin-bottom: 1.5em; font-size: 16px; color: #333333; font-family: 'Open Sans', Arial, sans-serif; font-style: normal; font-weight: 500; background-color: rgba(0, 0, 0, 0.04);\">Das Ala\u00e7at\u0131 Ot Festival, das seit 2010 stattfindet und im Monat April stattfindet, bietet Touristen ein gro\u00dfartiges kulinarisches Erlebnis, da es die Vielfalt von Hunderten von Kr\u00e4utern zeigt, die in der Region angebaut werden, und den Reichtum lokaler Gerichte erkennt. Das Ala\u00e7at\u0131 Ot Festival, das 3-4 Tage dauert, ist ein Festival, das Sie mit der Ausstellung verschiedener Aktivit\u00e4ten und Workshops nicht verpassen sollten.<br \/><br \/>Das Festival, bei dem nat\u00fcrliche und biologische Produkte verwendet werden, ist eine gro\u00dfartige Gelegenheit f\u00fcr diejenigen, die sich vegan und vegetarisch ern\u00e4hren. Sie k\u00f6nnen diese wunderbaren Aromen lernen und schmecken, indem Sie die Kochtechniken von Oliven\u00f6lgerichten, Dolmas, Salaten und Desserts der Einheimischen anwenden.<\/p>\t\t\t\t\t\t<\/div>\n\t\t\t\t<\/div>\n\t\t\t\t\t<\/div>\n\t\t<\/div>\n\t\t\t\t<div class=\"elementor-column elementor-col-50 elementor-top-column elementor-element elementor-element-9a29577\" data-id=\"9a29577\" data-element_type=\"column\">\n\t\t\t<div class=\"elementor-widget-wrap elementor-element-populated\">\n\t\t\t\t\t\t\t\t<div class=\"elementor-element elementor-element-5029414 elementor-widget elementor-widget-image\" data-id=\"5029414\" data-element_type=\"widget\" data-widget_type=\"image.default\">\n\t\t\t\t<div class=\"elementor-widget-container\">\n\t\t\t<style>\/*! elementor - v3.16.0 - 17-10-2023 *\/\n.elementor-widget-image{text-align:center}.elementor-widget-image a{display:inline-block}.elementor-widget-image a img[src$=\".svg\"]{width:48px}.elementor-widget-image img{vertical-align:middle;display:inline-block}<\/style>\t\t\t\t\t\t\t\t\t\t\t\t<img loading=\"lazy\" decoding=\"async\" width=\"1024\" height=\"576\" src=\"https:\/\/www.alacatitravel.com\/de\/wp-content\/uploads\/sites\/3\/2023\/09\/alacati-streets-1-1024x576.jpg\" class=\"attachment-large size-large wp-image-812\" alt=\"\" srcset=\"https:\/\/www.alacatitravel.com\/de\/wp-content\/uploads\/sites\/3\/2023\/09\/alacati-streets-1-1024x576.jpg 1024w, https:\/\/www.alacatitravel.com\/de\/wp-content\/uploads\/sites\/3\/2023\/09\/alacati-streets-1-300x169.jpg 300w, https:\/\/www.alacatitravel.com\/de\/wp-content\/uploads\/sites\/3\/2023\/09\/alacati-streets-1-768x432.jpg 768w, https:\/\/www.alacatitravel.com\/de\/wp-content\/uploads\/sites\/3\/2023\/09\/alacati-streets-1.jpg 1102w\" sizes=\"(max-width: 1024px) 100vw, 1024px\" \/>\t\t\t\t\t\t\t\t\t\t\t\t\t\t\t<\/div>\n\t\t\t\t<\/div>\n\t\t\t\t<div class=\"elementor-element elementor-element-fd8412a elementor-widget elementor-widget-image\" data-id=\"fd8412a\" data-element_type=\"widget\" data-widget_type=\"image.default\">\n\t\t\t\t<div class=\"elementor-widget-container\">\n\t\t\t\t\t\t\t\t\t\t\t\t\t\t\t<img loading=\"lazy\" decoding=\"async\" width=\"706\" height=\"431\" src=\"https:\/\/www.alacatitravel.com\/de\/wp-content\/uploads\/sites\/3\/2023\/09\/alacati-ot-festivali-2.jpg\" class=\"attachment-large size-large wp-image-811\" alt=\"\" srcset=\"https:\/\/www.alacatitravel.com\/de\/wp-content\/uploads\/sites\/3\/2023\/09\/alacati-ot-festivali-2.jpg 706w, https:\/\/www.alacatitravel.com\/de\/wp-content\/uploads\/sites\/3\/2023\/09\/alacati-ot-festivali-2-300x183.jpg 300w\" sizes=\"(max-width: 706px) 100vw, 706px\" \/>\t\t\t\t\t\t\t\t\t\t\t\t\t\t\t<\/div>\n\t\t\t\t<\/div>\n\t\t\t\t\t<\/div>\n\t\t<\/div>\n\t\t\t\t\t\t\t<\/div>\n\t\t<\/section>\n\t\t\t\t\t\t\t<\/div>\n\t\t","protected":false},"excerpt":{"rendered":"<p>ALACATI Das kleine Dorf Alacati ist im S\u00fcden der Halbinsel, bekannt f\u00fcr seine Bucht ist ein attraktives Ziel f\u00fcr Surfer. Das flache Gebiet mit konstantem Wind und flachem Wasser hat Ala\u00e7at\u0131 zu einem weltber\u00fchmten Surfgebiet gemacht. Viele Surfclubs bieten auch Kurse an und vermieten Surfbretter. Das Dorf Alacati, eines der beliebtesten Ausgehviertel, beherbergt die meisten &hellip;<\/p>\n<p class=\"read-more\"> <a class=\"\" href=\"https:\/\/www.alacatitravel.com\/de\/alacati\/\"> <span class=\"screen-reader-text\">ALACATI<\/span> Weiterlesen &raquo;<\/a><\/p>\n","protected":false},"author":1,"featured_media":0,"parent":0,"menu_order":0,"comment_status":"closed","ping_status":"closed","template":"","meta":{"site-sidebar-layout":"no-sidebar","site-content-layout":"page-builder","ast-global-header-display":"","ast-main-header-display":"","ast-hfb-above-header-display":"","ast-hfb-below-header-display":"","ast-hfb-mobile-header-display":"","site-post-title":"disabled","ast-breadcrumbs-content":"","ast-featured-img":"disabled","footer-sml-layout":"","theme-transparent-header-meta":"","adv-header-id-meta":"","stick-header-meta":"","header-above-stick-meta":"","header-main-stick-meta":"","header-below-stick-meta":"","footnotes":""},"acf":[],"_links":{"self":[{"href":"https:\/\/www.alacatitravel.com\/de\/wp-json\/wp\/v2\/pages\/806"}],"collection":[{"href":"https:\/\/www.alacatitravel.com\/de\/wp-json\/wp\/v2\/pages"}],"about":[{"href":"https:\/\/www.alacatitravel.com\/de\/wp-json\/wp\/v2\/types\/page"}],"author":[{"embeddable":true,"href":"https:\/\/www.alacatitravel.com\/de\/wp-json\/wp\/v2\/users\/1"}],"replies":[{"embeddable":true,"href":"https:\/\/www.alacatitravel.com\/de\/wp-json\/wp\/v2\/comments?post=806"}],"version-history":[{"count":7,"href":"https:\/\/www.alacatitravel.com\/de\/wp-json\/wp\/v2\/pages\/806\/revisions"}],"predecessor-version":[{"id":815,"href":"https:\/\/www.alacatitravel.com\/de\/wp-json\/wp\/v2\/pages\/806\/revisions\/815"}],"wp:attachment":[{"href":"https:\/\/www.alacatitravel.com\/de\/wp-json\/wp\/v2\/media?parent=806"}],"curies":[{"name":"wp","href":"https:\/\/api.w.org\/{rel}","templated":true}]}}